{"id":967,"date":"2024-07-08T14:11:13","date_gmt":"2024-07-08T14:11:13","guid":{"rendered":"https:\/\/kakavosromanas.com\/?post_type=product&#038;p=967"},"modified":"2026-02-24T17:34:02","modified_gmt":"2026-02-24T15:34:02","slug":"latin-american-romance-2","status":"publish","type":"product","link":"https:\/\/kakavosromanas.com\/en\/product\/latin-american-romance-2\/","title":{"rendered":"Ma\u017easis kakavos rinkinys (3&#215;150 g)"},"content":{"rendered":"<p class=\"\">Tai lengvas, \u0161velnus, tropini\u0173 vaisi\u0173 skoni\u0173 pripildytas rinkinys, alsuojantis Lotynu Amerika.<\/p>\n<p class=\"\"><strong>The bundle includes:<\/strong><\/p>\n<ul>\n<li><a href=\"https:\/\/kakavosromanas.com\/en\/product\/nicaraguan-cacao-mass\/\">Nikaragva kakavos mas\u0117<\/a>, 150 g<\/li>\n<li><a href=\"https:\/\/kakavosromanas.com\/en\/product\/venezuelan-cacao-mass\/\">Venezuelan cacao mass<\/a>, 150 g<\/li>\n<li>Tailando kakavos mas\u0117, 150 g<\/li>\n<\/ul>\n<p>&nbsp;<\/p>\n<p>&nbsp;<\/p>","protected":false},"excerpt":{"rendered":"<p>Invite Latin America into your home! Let its fire ignite the passion in your life. Vamos!<\/p>","protected":false},"featured_media":2536,"comment_status":"open","ping_status":"closed","template":"","meta":{"_acf_changed":false,"_seopress_robots_primary_cat":"none","_seopress_titles_title":"","_seopress_titles_desc":"","_seopress_robots_index":""},"product_brand":[],"product_cat":[17,19],"product_tag":[],"class_list":{"0":"post-967","1":"product","2":"type-product","3":"status-publish","4":"has-post-thumbnail","6":"product_cat-kakava","7":"product_cat-rinkiniai","9":"first","10":"instock","11":"sale","12":"shipping-taxable","13":"purchasable","14":"product-type-simple"},"acf":[],"_links":{"self":[{"href":"https:\/\/kakavosromanas.com\/en\/wp-json\/wp\/v2\/product\/967","targetHints":{"allow":["GET"]}}],"collection":[{"href":"https:\/\/kakavosromanas.com\/en\/wp-json\/wp\/v2\/product"}],"about":[{"href":"https:\/\/kakavosromanas.com\/en\/wp-json\/wp\/v2\/types\/product"}],"replies":[{"embeddable":true,"href":"https:\/\/kakavosromanas.com\/en\/wp-json\/wp\/v2\/comments?post=967"}],"wp:featuredmedia":[{"embeddable":true,"href":"https:\/\/kakavosromanas.com\/en\/wp-json\/wp\/v2\/media\/2536"}],"wp:attachment":[{"href":"https:\/\/kakavosromanas.com\/en\/wp-json\/wp\/v2\/media?parent=967"}],"wp:term":[{"taxonomy":"product_brand","embeddable":true,"href":"https:\/\/kakavosromanas.com\/en\/wp-json\/wp\/v2\/product_brand?post=967"},{"taxonomy":"product_cat","embeddable":true,"href":"https:\/\/kakavosromanas.com\/en\/wp-json\/wp\/v2\/product_cat?post=967"},{"taxonomy":"product_tag","embeddable":true,"href":"https:\/\/kakavosromanas.com\/en\/wp-json\/wp\/v2\/product_tag?post=967"}],"curies":[{"name":"wp","href":"https:\/\/api.w.org\/{rel}","templated":true}]}}