{"id":534,"date":"2024-03-01T13:31:09","date_gmt":"2024-03-01T13:31:09","guid":{"rendered":"https:\/\/kakavos.ikdev.lt\/?post_type=product&#038;p=534"},"modified":"2026-03-31T12:52:12","modified_gmt":"2026-03-31T09:52:12","slug":"cacao-beans","status":"publish","type":"product","link":"https:\/\/kakavosromanas.com\/en\/product\/cacao-beans\/","title":{"rendered":"Cacao beans"},"content":{"rendered":"<p><strong>Ingredients<\/strong>: 100% Criollo pupel\u0117s.<\/p>\n<p><strong>Country of origin<\/strong>: Venesuela.<\/p>\n<p><strong>Storage conditions<\/strong>: laikyti sausoje v\u0117sioje vietoje.<\/p>\n<p>There may be a slight bitter, un-acidic aftertaste of dark chocolate with fruity and floral notes. We recommend washing before use.<\/p>\n<p><strong>Nutritional value (100 g)<\/strong>:<br \/>\nEnergy 2140 KJ \/ 512 kcal<br \/>\nFat 42,6 g<br \/>\nOf which total saturated fatty acids 25,6 g<br \/>\nCarbohydrates 1,3 g<br \/>\nOf which total sugars 0,1 g<br \/>\nSalt 0,1 g<br \/>\nProtein 13,7 g<br \/>\nFibre 38,6 g<\/p>","protected":false},"excerpt":{"rendered":"<p>Ar kada nors esate ragav\u0119 gryn\u0173 nat\u016brali\u0173 kakavos pupeli\u0173? Tai puikus energijos ir j\u0117g\u0173 suteikiantis u\u017ekandis. Jas galima naudoti \u012f vaisi\u0173\/ dar\u017eovi\u0173 kokteilius, u\u017ekand\u017eiauti, jeigu norisi tonuso, susmulkinus naudoti \u012f ko\u0161es.<\/p>","protected":false},"featured_media":3628,"comment_status":"open","ping_status":"closed","template":"","meta":{"_acf_changed":false,"_seopress_robots_primary_cat":"none","_seopress_titles_title":"Kakavos pupel\u0117s \u2013 nat\u016bralus energijos \u0161altinis ir priedas","_seopress_titles_desc":"Kakavos pupel\u0117s \u2013 grynos, nat\u016bralios ir kupinos energijos. Tinka u\u017ekand\u017eiui, kokteiliams ar ko\u0161\u0117ms. Skirta tiems, kurie ie\u0161ko nat\u016bralaus tonuso.","_seopress_robots_index":""},"product_brand":[],"product_cat":[30],"product_tag":[],"class_list":{"0":"post-534","1":"product","2":"type-product","3":"status-publish","4":"has-post-thumbnail","6":"product_cat-kita","8":"first","9":"instock","10":"shipping-taxable","11":"purchasable","12":"product-type-variable"},"acf":[],"_links":{"self":[{"href":"https:\/\/kakavosromanas.com\/en\/wp-json\/wp\/v2\/product\/534","targetHints":{"allow":["GET"]}}],"collection":[{"href":"https:\/\/kakavosromanas.com\/en\/wp-json\/wp\/v2\/product"}],"about":[{"href":"https:\/\/kakavosromanas.com\/en\/wp-json\/wp\/v2\/types\/product"}],"replies":[{"embeddable":true,"href":"https:\/\/kakavosromanas.com\/en\/wp-json\/wp\/v2\/comments?post=534"}],"wp:featuredmedia":[{"embeddable":true,"href":"https:\/\/kakavosromanas.com\/en\/wp-json\/wp\/v2\/media\/3628"}],"wp:attachment":[{"href":"https:\/\/kakavosromanas.com\/en\/wp-json\/wp\/v2\/media?parent=534"}],"wp:term":[{"taxonomy":"product_brand","embeddable":true,"href":"https:\/\/kakavosromanas.com\/en\/wp-json\/wp\/v2\/product_brand?post=534"},{"taxonomy":"product_cat","embeddable":true,"href":"https:\/\/kakavosromanas.com\/en\/wp-json\/wp\/v2\/product_cat?post=534"},{"taxonomy":"product_tag","embeddable":true,"href":"https:\/\/kakavosromanas.com\/en\/wp-json\/wp\/v2\/product_tag?post=534"}],"curies":[{"name":"wp","href":"https:\/\/api.w.org\/{rel}","templated":true}]}}