{"id":528,"date":"2024-03-01T13:00:35","date_gmt":"2024-03-01T11:00:35","guid":{"rendered":"https:\/\/kakavos.ikdev.lt\/?post_type=product&#038;p=528"},"modified":"2026-04-16T13:29:34","modified_gmt":"2026-04-16T10:29:34","slug":"cacao-nibs","status":"publish","type":"product","link":"https:\/\/kakavosromanas.com\/en\/product\/cacao-nibs\/","title":{"rendered":"Cacao nibs"},"content":{"rendered":"<p><strong>Ingredients<\/strong>: 100% skaldytos kakavos pupel\u0117s.<\/p>\n<p><strong>Country of origin<\/strong>: Venesuela<\/p>\n<p><strong>Storage conditions<\/strong>: Store in a cool, dry place, out of direct sunlight.<\/p>\n<p>A slightly bitter, non-acidic aftertaste of dark chocolate with fruity and floral notes may be perceptible.<\/p>\n<p><strong>Nutritional value (100 g)<\/strong>:<br \/>\nEnergetin\u0117 vert\u0117 466 kcal<br \/>\nRiebalai 51,60 g<br \/>\nI\u0161 kuri\u0173 bendras so\u010di\u0173j\u0173 riebal\u0173 r\u016bg\u0161\u010di\u0173 skai\u010dius 30,30 g<br \/>\nAngliavandeniai 6 g<br \/>\nOf which total sugars 0,1 g<br \/>\nBaltymai 12,80 g<br \/>\nDruska 0,2 g<br \/>\nSkaidulos 23,40 g<\/p>","protected":false},"excerpt":{"rendered":"<p>Cacao nibs are highly nutritious and contain an impressive amount of protein, fibre, good fats, minerals, magnesium, iron, antioxidants and plant compounds.<\/p>\n<p>Use it in breakfast cereals, green smoothies, in desserts and baked goods, sprinkled on salads, as a healthy alternative to chocolate sprinkles or as a healthy snack.<\/p>","protected":false},"featured_media":3648,"comment_status":"open","ping_status":"closed","template":"","meta":{"_acf_changed":false,"_seopress_robots_primary_cat":"none","_seopress_titles_title":"","_seopress_titles_desc":"","_seopress_robots_index":""},"product_brand":[],"product_cat":[30],"product_tag":[],"class_list":{"0":"post-528","1":"product","2":"type-product","3":"status-publish","4":"has-post-thumbnail","6":"product_cat-kita","8":"first","9":"instock","10":"shipping-taxable","11":"purchasable","12":"product-type-variable","13":"has-default-attributes"},"acf":[],"_links":{"self":[{"href":"https:\/\/kakavosromanas.com\/en\/wp-json\/wp\/v2\/product\/528","targetHints":{"allow":["GET"]}}],"collection":[{"href":"https:\/\/kakavosromanas.com\/en\/wp-json\/wp\/v2\/product"}],"about":[{"href":"https:\/\/kakavosromanas.com\/en\/wp-json\/wp\/v2\/types\/product"}],"replies":[{"embeddable":true,"href":"https:\/\/kakavosromanas.com\/en\/wp-json\/wp\/v2\/comments?post=528"}],"wp:featuredmedia":[{"embeddable":true,"href":"https:\/\/kakavosromanas.com\/en\/wp-json\/wp\/v2\/media\/3648"}],"wp:attachment":[{"href":"https:\/\/kakavosromanas.com\/en\/wp-json\/wp\/v2\/media?parent=528"}],"wp:term":[{"taxonomy":"product_brand","embeddable":true,"href":"https:\/\/kakavosromanas.com\/en\/wp-json\/wp\/v2\/product_brand?post=528"},{"taxonomy":"product_cat","embeddable":true,"href":"https:\/\/kakavosromanas.com\/en\/wp-json\/wp\/v2\/product_cat?post=528"},{"taxonomy":"product_tag","embeddable":true,"href":"https:\/\/kakavosromanas.com\/en\/wp-json\/wp\/v2\/product_tag?post=528"}],"curies":[{"name":"wp","href":"https:\/\/api.w.org\/{rel}","templated":true}]}}