{"id":5250,"date":"2026-05-13T18:22:37","date_gmt":"2026-05-13T15:22:37","guid":{"rendered":"https:\/\/kakavosromanas.com\/?post_type=product&#038;p=5250"},"modified":"2026-05-13T21:44:53","modified_gmt":"2026-05-13T18:44:53","slug":"kakavos-mase-dominikos-respublika","status":"publish","type":"product","link":"https:\/\/kakavosromanas.com\/en\/produktas\/kakavos-mase-dominikos-respublika\/","title":{"rendered":"Kakavos mas\u0117 &#8211; Dominikos respublika"},"content":{"rendered":"<p style=\"text-align: left;\"><strong>Ingredients:<\/strong> kakavos mas\u0117 pagaminta i\u0161 100% Trinitario kakavos pupeli\u0173, be pried\u0173.<\/p>\n<p><strong>Country of origin:<\/strong> Dominikos respublika.<\/p>\n<p><strong>Storage conditions:<\/strong> store in a cool, dry place, out of direct sunlight.<\/p>\n<p><strong>Nutritional value (100 g)<\/strong>:<br \/>\nEnergy value 2759 KJ \/ 666 kcal<br \/>\nFat 56,94 g<br \/>\nOf which total saturated fatty acids 32 g<br \/>\nCarbohydrates 25,1 g<br \/>\nOf which total sugars 0,1 g<br \/>\nSalt 0,1 g<br \/>\nBaltymai 13.22 g<br \/>\nFibre 11 g<\/p>","protected":false},"excerpt":{"rendered":"<p>Ie\u0161kantiems \u0161velnaus, harmoningo skonio ir galimyb\u0117s susikurti savo jauk\u0173 kakavos ritual\u0105. <strong>Pagaminta i\u0161 Trinitario kakavos pupeli\u0173<\/strong>, \u0161i kakava pasi\u017eymi kremi\u0161ku \u0161okoladiniu poskoniu bei itin lengvu skoniu. Savyje neturi r\u016bg\u0161tumo ar ry\u0161kaus kartumo, tod\u0117l puikiai tinka tiek pradedantiems pa\u017eint\u012f su r\u016b\u0161ine kakava, tiek ie\u0161kantiems subtilios, kasdienai tinkamos kakavos.<\/p>\n<p><strong>Kod\u0117l verta rinktis?<\/strong> I\u0161 ma\u017e\u0173 \u016bki\u0173 Dominikos Respublikoje \u2013 atsakingas ir kruop\u0161tus auginimas.<\/p>\n<p><strong>Kremi\u0161kas, \u0161velnus \u0161okoladinis skonis<\/strong> \u2013 lengva, subalansuota ir maloni kakava kasdieniam ritualui. Tinka veganams, ceremoninei kakavai \u2013 idealiai tinka tiek kasdieniam vartojimui, tiek ritualinei kakavos ceremonijai.<\/p>\n<p>Be glitimo, be prid\u0117tinio cukraus, be joki\u0173 pried\u0173 \u2013 tik gryna kakava. Puikiai tinka \u0161okolado gamybai, desertams, \u0161iltam kakavos g\u0117rimui ar ritualinei praktikai.<\/p>\n<p>&nbsp;<\/p>","protected":false},"featured_media":5248,"comment_status":"open","ping_status":"closed","template":"","meta":{"_acf_changed":false,"_seopress_robots_primary_cat":"none","_seopress_titles_title":"Kakavos mas\u0117 \u2013 Nikaragva, \u0161velnus skonis ir tropik\u0173 natos","_seopress_titles_desc":"Kakavos mas\u0117 i\u0161 Nikaragvos \u2013 Trinitario ir Criollo pupel\u0117s, tropik\u0173 vaisi\u0173 ir banan\u0173 natos. Tinka g\u0117rimui, desertams, \u0161okoladui ir kakavos ceremonijoms.","_seopress_robots_index":""},"product_brand":[],"product_cat":[17],"product_tag":[],"class_list":{"0":"post-5250","1":"product","2":"type-product","3":"status-publish","4":"has-post-thumbnail","6":"product_cat-kakava","8":"first","9":"instock","10":"sale","11":"shipping-taxable","12":"purchasable","13":"product-type-variable"},"acf":[],"_links":{"self":[{"href":"https:\/\/kakavosromanas.com\/en\/wp-json\/wp\/v2\/product\/5250","targetHints":{"allow":["GET"]}}],"collection":[{"href":"https:\/\/kakavosromanas.com\/en\/wp-json\/wp\/v2\/product"}],"about":[{"href":"https:\/\/kakavosromanas.com\/en\/wp-json\/wp\/v2\/types\/product"}],"replies":[{"embeddable":true,"href":"https:\/\/kakavosromanas.com\/en\/wp-json\/wp\/v2\/comments?post=5250"}],"wp:featuredmedia":[{"embeddable":true,"href":"https:\/\/kakavosromanas.com\/en\/wp-json\/wp\/v2\/media\/5248"}],"wp:attachment":[{"href":"https:\/\/kakavosromanas.com\/en\/wp-json\/wp\/v2\/media?parent=5250"}],"wp:term":[{"taxonomy":"product_brand","embeddable":true,"href":"https:\/\/kakavosromanas.com\/en\/wp-json\/wp\/v2\/product_brand?post=5250"},{"taxonomy":"product_cat","embeddable":true,"href":"https:\/\/kakavosromanas.com\/en\/wp-json\/wp\/v2\/product_cat?post=5250"},{"taxonomy":"product_tag","embeddable":true,"href":"https:\/\/kakavosromanas.com\/en\/wp-json\/wp\/v2\/product_tag?post=5250"}],"curies":[{"name":"wp","href":"https:\/\/api.w.org\/{rel}","templated":true}]}}