{"id":522,"date":"2024-03-01T13:20:30","date_gmt":"2024-03-01T13:20:30","guid":{"rendered":"https:\/\/kakavos.ikdev.lt\/?post_type=product&#038;p=522"},"modified":"2026-04-17T08:28:58","modified_gmt":"2026-04-17T05:28:58","slug":"cacao-butter","status":"publish","type":"product","link":"https:\/\/kakavosromanas.com\/en\/product\/cacao-butter\/","title":{"rendered":"Cacao butter"},"content":{"rendered":"<blockquote><p><strong>Ingredients<\/strong>: quality cacao butter made from 100% Criollo beans, no additives.<\/p><\/blockquote>\n<p><strong>Country of origin<\/strong>: Venezuela, South America.<\/p>\n<p><strong>Storage conditions<\/strong>: Store in a cool, dry place, out of direct sunlight.<\/p>\n<p><strong>Nutritional value (100 g)<\/strong>:<br \/>\nEnergy value 3710 KJ \/ 902 kcal<br \/>\nFat of which total saturated fatty acids 60,5 g<br \/>\nCarbohydrates 1 g<br \/>\nOf which total sugars 0,1 g<br \/>\nSalt 0,1 g<br \/>\nProtein 0,6 g<br \/>\nFibre 0,5 g<\/p>","protected":false},"excerpt":{"rendered":"<p>M\u016bs\u0173 kakavos sviestas yra nerafinuotas ir nedezodoruotas, tod\u0117l i\u0161laiko savo nat\u016bralias savybes, autenti\u0161k\u0105 strukt\u016br\u0105 ir ry\u0161k\u0173 kakavos aromat\u0105. Jam b\u016bdingas stiprus \u0161okolado poskonis, kuris i\u0161skiria j\u012f i\u0161 labiau apdorot\u0173 kakavos sviest\u0173.<br \/>\nTai auk\u0161tos kokyb\u0117s kakavos produktas, tinkantis tiek maistui, tiek kasdieniams ritualams. Kakavos sviestas gali b\u016bti naudojamas kepiniams, desertams, naminiam \u0161okoladui, kar\u0161tiems g\u0117rimams ar kaip papildomas ingredientas, suteikiantis kremi\u0161kumo ir sodrumo.<\/p>\n<p>D\u0117l savo nat\u016bralios sud\u0117ties jis taip pat vertinamas ir k\u016bno prie\u017ei\u016broje \u2013 l\u016bpoms, sausai odai ar \u0161velniems sav\u0119s prie\u017ei\u016bros ritualams.<\/p>\n<p>Savyb\u0117s:<br \/>\n\u2013 nerafinuotas<br \/>\n\u2013 nedezodoruotas<br \/>\n\u2013 stipraus \u0161okoladinio poskonio<br \/>\n\u2013 nat\u016braliai aromatingas<br \/>\n\u2013 universalus naudojimui virtuv\u0117je ir k\u016bno prie\u017ei\u016broje<\/p>","protected":false},"featured_media":3641,"comment_status":"open","ping_status":"closed","template":"","meta":{"_acf_changed":false,"_seopress_robots_primary_cat":"none","_seopress_titles_title":"Kakavos sviestas \u2013 kepimui, odos prie\u017ei\u016brai ir \u0161okoladui","_seopress_titles_desc":"Kakavos sviestas \u2013 nat\u016bralus aliejaus pakaitalas kepimui ir \u0161okoladui. Tinka veido, l\u016bp\u0173 prie\u017ei\u016brai ir palengvina gerkl\u0117s skausm\u0105 per\u0161alus.","_seopress_robots_index":""},"product_brand":[],"product_cat":[30,37],"product_tag":[],"class_list":{"0":"post-522","1":"product","2":"type-product","3":"status-publish","4":"has-post-thumbnail","6":"product_cat-kita","7":"product_cat-sventinis-pakavimas","9":"first","10":"instock","11":"shipping-taxable","12":"purchasable","13":"product-type-variable","14":"has-default-attributes"},"acf":[],"_links":{"self":[{"href":"https:\/\/kakavosromanas.com\/en\/wp-json\/wp\/v2\/product\/522","targetHints":{"allow":["GET"]}}],"collection":[{"href":"https:\/\/kakavosromanas.com\/en\/wp-json\/wp\/v2\/product"}],"about":[{"href":"https:\/\/kakavosromanas.com\/en\/wp-json\/wp\/v2\/types\/product"}],"replies":[{"embeddable":true,"href":"https:\/\/kakavosromanas.com\/en\/wp-json\/wp\/v2\/comments?post=522"}],"wp:featuredmedia":[{"embeddable":true,"href":"https:\/\/kakavosromanas.com\/en\/wp-json\/wp\/v2\/media\/3641"}],"wp:attachment":[{"href":"https:\/\/kakavosromanas.com\/en\/wp-json\/wp\/v2\/media?parent=522"}],"wp:term":[{"taxonomy":"product_brand","embeddable":true,"href":"https:\/\/kakavosromanas.com\/en\/wp-json\/wp\/v2\/product_brand?post=522"},{"taxonomy":"product_cat","embeddable":true,"href":"https:\/\/kakavosromanas.com\/en\/wp-json\/wp\/v2\/product_cat?post=522"},{"taxonomy":"product_tag","embeddable":true,"href":"https:\/\/kakavosromanas.com\/en\/wp-json\/wp\/v2\/product_tag?post=522"}],"curies":[{"name":"wp","href":"https:\/\/api.w.org\/{rel}","templated":true}]}}