{"id":503,"date":"2024-03-01T13:05:30","date_gmt":"2024-03-01T13:05:30","guid":{"rendered":"https:\/\/kakavos.ikdev.lt\/?post_type=product&#038;p=503"},"modified":"2026-04-16T20:14:56","modified_gmt":"2026-04-16T17:14:56","slug":"nicaraguan-cacao-mass","status":"publish","type":"product","link":"https:\/\/kakavosromanas.com\/en\/product\/nicaraguan-cacao-mass\/","title":{"rendered":"Kakavos mas\u0117 &#8211; Nikaragvos"},"content":{"rendered":"<p style=\"text-align: left;\"><strong>Ingredients:<\/strong> kakavos mas\u0117 pagaminta i\u0161 100% Criollo ir Trinitario kakavos pupeli\u0173 mi\u0161inio, be pried\u0173.<\/p>\n<p><strong>Country of origin:<\/strong> Nikaragva, Centrin\u0117 Amerika.<\/p>\n<p><strong>Storage conditions:<\/strong> store in a cool, dry place, out of direct sunlight.<\/p>\n<p>May have a hint of passion fruit, coffee, pineapple and kiwi.<\/p>\n<p><strong>Nutritional value (100 g)<\/strong>:<br \/>\nEnergy value 2759 KJ \/ 666 kcal<br \/>\nFat 56,94 g<br \/>\nOf which total saturated fatty acids 32 g<br \/>\nCarbohydrates 25,1 g<br \/>\nOf which total sugars 0,1 g<br \/>\nSalt 0,1 g<br \/>\nBaltymai 13.22 g<br \/>\nFibre 11 g<\/p>","protected":false},"excerpt":{"rendered":"<p>Ie\u0161kantiems autenti\u0161kumo ir galimyb\u0117s susikurti savo ritual\u0105. Pagaminta i\u0161 Trinitario ir Criollo pupeli\u0173 mi\u0161inio, \u0161i kakava d\u017eiugina \u0161velniu tropik\u0173 vaisi\u0173 ir banan\u0173 poskoniu. Pasi\u017eymi \u0161velniu ir lengvu skoniu, savyje visi\u0161kai neturi r\u016bg\u0161tumo bei kartumo, tod\u0117l rekomenduojame \u0161i\u0105 kakav\u0105 tiems, kurie nori ypa\u010d lengvo skonio arba tik pradeda savo pa\u017eint\u012f su r\u016b\u0161ine kakava.<\/p>\n<p>Kod\u0117l verta rinktis?<\/p>\n<p>I\u0161 ma\u017e\u0173 \u016bki\u0173 Nikaragvoje \u2013 eti\u0161kas auginimas.<\/p>\n<p>Tropinis, \u0161velnus skonis \u2013 nat\u016bralus banan\u0173, vaisi\u0173 bei kakavos \u0161velnumas.<\/p>\n<p>Tinka veganams, ceremoninei kakavai \u2013 idealiai tinka tiek kasdieniam vartojimui, tiek ritualinei kakavos ceremonijai.<\/p>\n<p>Be glitimo, be prid\u0117tinio cukraus, be joki\u0173 pried\u0173 \u2013 tik gryna kakava.<\/p>\n<p>Puikiai tinka \u0161okolado gamybai, desertams, \u0161iltam kakavos g\u0117rimui ar ritualinei praktikai.<\/p>","protected":false},"featured_media":2528,"comment_status":"open","ping_status":"closed","template":"","meta":{"_acf_changed":false,"_seopress_robots_primary_cat":"none","_seopress_titles_title":"Kakavos mas\u0117 \u2013 Nikaragva, \u0161velnus skonis ir tropik\u0173 natos","_seopress_titles_desc":"Kakavos mas\u0117 i\u0161 Nikaragvos \u2013 Trinitario ir Criollo pupel\u0117s, tropik\u0173 vaisi\u0173 ir banan\u0173 natos. Tinka g\u0117rimui, desertams, \u0161okoladui ir kakavos ceremonijoms.","_seopress_robots_index":""},"product_brand":[],"product_cat":[17],"product_tag":[],"class_list":{"0":"post-503","1":"product","2":"type-product","3":"status-publish","4":"has-post-thumbnail","6":"product_cat-kakava","8":"first","9":"instock","10":"sale","11":"shipping-taxable","12":"purchasable","13":"product-type-variable"},"acf":[],"_links":{"self":[{"href":"https:\/\/kakavosromanas.com\/en\/wp-json\/wp\/v2\/product\/503","targetHints":{"allow":["GET"]}}],"collection":[{"href":"https:\/\/kakavosromanas.com\/en\/wp-json\/wp\/v2\/product"}],"about":[{"href":"https:\/\/kakavosromanas.com\/en\/wp-json\/wp\/v2\/types\/product"}],"replies":[{"embeddable":true,"href":"https:\/\/kakavosromanas.com\/en\/wp-json\/wp\/v2\/comments?post=503"}],"wp:featuredmedia":[{"embeddable":true,"href":"https:\/\/kakavosromanas.com\/en\/wp-json\/wp\/v2\/media\/2528"}],"wp:attachment":[{"href":"https:\/\/kakavosromanas.com\/en\/wp-json\/wp\/v2\/media?parent=503"}],"wp:term":[{"taxonomy":"product_brand","embeddable":true,"href":"https:\/\/kakavosromanas.com\/en\/wp-json\/wp\/v2\/product_brand?post=503"},{"taxonomy":"product_cat","embeddable":true,"href":"https:\/\/kakavosromanas.com\/en\/wp-json\/wp\/v2\/product_cat?post=503"},{"taxonomy":"product_tag","embeddable":true,"href":"https:\/\/kakavosromanas.com\/en\/wp-json\/wp\/v2\/product_tag?post=503"}],"curies":[{"name":"wp","href":"https:\/\/api.w.org\/{rel}","templated":true}]}}