{"id":473,"date":"2024-03-01T12:35:09","date_gmt":"2024-03-01T12:35:09","guid":{"rendered":"https:\/\/kakavos.ikdev.lt\/?post_type=product&#038;p=473"},"modified":"2026-04-18T11:59:13","modified_gmt":"2026-04-18T08:59:13","slug":"peru-cacao-mass","status":"publish","type":"product","link":"https:\/\/kakavosromanas.com\/en\/produktas\/peru-kakavos-mase\/","title":{"rendered":"Peru cacao mass"},"content":{"rendered":"<p><strong>Ingredients:<\/strong> cacao mass made from 100% Criollo beans, no additives.<\/p>\n<p><strong>Country of origin:<\/strong> Peru, South America.<\/p>\n<p><strong>Storage conditions:<\/strong> store in a cool, dry place, out of direct sunlight.<\/p>\n<p>May have a hint of strawberry, citrus and macadamia.<\/p>\n<p><strong>Nutritional value (100 g):<\/strong><br \/>\nEnergy value 2759 KJ \/ 666 kcal<br \/>\nFat 56,94 g<br \/>\nOf which total saturated fatty acids 32 g<br \/>\nCarbohydrates 25,1 g<br \/>\nOf which total sugars 0,1 g<br \/>\nSalt 0,1 g<br \/>\nProtein 12 g<br \/>\nFibre 11 g<\/p>","protected":false},"excerpt":{"rendered":"<p>This cacao's palette of flavours combines notes of fresh fruits and berries. Enjoy Peruvian cacao on hot summer days or when the weather cools down and you want to transport your mind to exotic lands.<\/p>\n<p>* Peru kakavos artimiausiu metu netur\u0117sime, rekomenduojame rinktis alternatyv\u0105 \u0161iai kakavai, tai yra Tailando kakav\u0105. Ji taip pat turi truput\u012f r\u016bg\u0161tel\u0117s.<\/p>","protected":false},"featured_media":1728,"comment_status":"open","ping_status":"closed","template":"","meta":{"_acf_changed":false,"_seopress_robots_primary_cat":"none","_seopress_titles_title":"","_seopress_titles_desc":"","_seopress_robots_index":""},"product_brand":[],"product_cat":[17],"product_tag":[],"class_list":{"0":"post-473","1":"product","2":"type-product","3":"status-publish","4":"has-post-thumbnail","6":"product_cat-kakava","8":"first","9":"outofstock","10":"sale","11":"shipping-taxable","12":"purchasable","13":"product-type-variable"},"acf":[],"_links":{"self":[{"href":"https:\/\/kakavosromanas.com\/en\/wp-json\/wp\/v2\/product\/473","targetHints":{"allow":["GET"]}}],"collection":[{"href":"https:\/\/kakavosromanas.com\/en\/wp-json\/wp\/v2\/product"}],"about":[{"href":"https:\/\/kakavosromanas.com\/en\/wp-json\/wp\/v2\/types\/product"}],"replies":[{"embeddable":true,"href":"https:\/\/kakavosromanas.com\/en\/wp-json\/wp\/v2\/comments?post=473"}],"wp:featuredmedia":[{"embeddable":true,"href":"https:\/\/kakavosromanas.com\/en\/wp-json\/wp\/v2\/media\/1728"}],"wp:attachment":[{"href":"https:\/\/kakavosromanas.com\/en\/wp-json\/wp\/v2\/media?parent=473"}],"wp:term":[{"taxonomy":"product_brand","embeddable":true,"href":"https:\/\/kakavosromanas.com\/en\/wp-json\/wp\/v2\/product_brand?post=473"},{"taxonomy":"product_cat","embeddable":true,"href":"https:\/\/kakavosromanas.com\/en\/wp-json\/wp\/v2\/product_cat?post=473"},{"taxonomy":"product_tag","embeddable":true,"href":"https:\/\/kakavosromanas.com\/en\/wp-json\/wp\/v2\/product_tag?post=473"}],"curies":[{"name":"wp","href":"https:\/\/api.w.org\/{rel}","templated":true}]}}