{"id":4219,"date":"2026-02-04T19:16:30","date_gmt":"2026-02-04T17:16:30","guid":{"rendered":"https:\/\/kakavosromanas.com\/?post_type=product&#038;p=4219"},"modified":"2026-02-04T21:52:02","modified_gmt":"2026-02-04T19:52:02","slug":"dovanu-kuponas-30-eur","status":"publish","type":"product","link":"https:\/\/kakavosromanas.com\/en\/product\/dovanu-kuponas-30-eur\/","title":{"rendered":"Dovan\u0173 kuponas &#8211; 30 EUR"},"content":{"rendered":"","protected":false},"excerpt":{"rendered":"<p>\u201eKakavos romano\u201c dovan\u0173 kuponas \u2013 tai kvietimas sustoti,sul\u0117t\u0117ti ir pasim\u0117gauti tikromis akimirkomis \ud83c\udf6b\ud83e\udd0d<\/p>\n<p>\u0160velni, jauki dovana tiems, kurie vertina kokyb\u0119, ritualus ir s\u0105moning\u0105 kasdienyb\u0119.<\/p>\n<p>Leiskite dovanai virsti asmeniniu kakavos ritualu \u2728<\/p>","protected":false},"featured_media":4223,"comment_status":"open","ping_status":"closed","template":"","meta":{"_acf_changed":false,"_seopress_robots_primary_cat":"none","_seopress_titles_title":"","_seopress_titles_desc":"","_seopress_robots_index":""},"product_brand":[],"product_cat":[54],"product_tag":[],"class_list":{"0":"post-4219","1":"product","2":"type-product","3":"status-publish","4":"has-post-thumbnail","6":"product_cat-dovanu-kuponai","8":"first","9":"instock","10":"virtual","11":"purchasable","12":"product-type-simple"},"acf":[],"_links":{"self":[{"href":"https:\/\/kakavosromanas.com\/en\/wp-json\/wp\/v2\/product\/4219","targetHints":{"allow":["GET"]}}],"collection":[{"href":"https:\/\/kakavosromanas.com\/en\/wp-json\/wp\/v2\/product"}],"about":[{"href":"https:\/\/kakavosromanas.com\/en\/wp-json\/wp\/v2\/types\/product"}],"replies":[{"embeddable":true,"href":"https:\/\/kakavosromanas.com\/en\/wp-json\/wp\/v2\/comments?post=4219"}],"wp:featuredmedia":[{"embeddable":true,"href":"https:\/\/kakavosromanas.com\/en\/wp-json\/wp\/v2\/media\/4223"}],"wp:attachment":[{"href":"https:\/\/kakavosromanas.com\/en\/wp-json\/wp\/v2\/media?parent=4219"}],"wp:term":[{"taxonomy":"product_brand","embeddable":true,"href":"https:\/\/kakavosromanas.com\/en\/wp-json\/wp\/v2\/product_brand?post=4219"},{"taxonomy":"product_cat","embeddable":true,"href":"https:\/\/kakavosromanas.com\/en\/wp-json\/wp\/v2\/product_cat?post=4219"},{"taxonomy":"product_tag","embeddable":true,"href":"https:\/\/kakavosromanas.com\/en\/wp-json\/wp\/v2\/product_tag?post=4219"}],"curies":[{"name":"wp","href":"https:\/\/api.w.org\/{rel}","templated":true}]}}