{"id":3730,"date":"2025-11-23T13:14:49","date_gmt":"2025-11-23T11:14:49","guid":{"rendered":"https:\/\/kakavosromanas.com\/?post_type=product&#038;p=3730"},"modified":"2026-02-20T13:43:06","modified_gmt":"2026-02-20T11:43:06","slug":"kakavos-mase-maca-milteliai","status":"publish","type":"product","link":"https:\/\/kakavosromanas.com\/en\/product\/kakavos-mase-maca-milteliai\/","title":{"rendered":"Kakavos mas\u0117 + maca milteliai"},"content":{"rendered":"<div class=\"gs\">\n<div class=\"\">\n<div id=\":3jd\" class=\"ii gt adO\">\n<div id=\":3je\" class=\"a3s aiL\">\n<div dir=\"auto\">\n<div dir=\"auto\">\u0160is rinkinys sujungia dvi tarpusavyje puikiai deran\u010dias nat\u016bralias g\u0117rybes: smulkint\u0105 kakavos mas\u0119 \u2013 sodriam, tir\u0161tam kakavos g\u0117rimui, ir maca miltelius \u2013 \u0161velniai energijai ir i\u0161tvermei.<\/div>\n<\/div>\n<\/div>\n<\/div>\n<\/div>\n<\/div>\n<h3>\u012e rinkin\u012f \u012feina:<\/h3>\n<p>150\/250 g smulkinta kakavos mas\u0117<\/p>\n<p>150 g maca milteliai<\/p>\n<p>&nbsp;<\/p>","protected":false},"excerpt":{"rendered":"<div dir=\"auto\">\n<div class=\"gs\">\n<div class=\"\">\n<div id=\":3jd\" class=\"ii gt adO\">\n<div id=\":3je\" class=\"a3s aiL\">\n<div>\n<div dir=\"auto\">Gilus kakavos mas\u0117s skonis ir Maca suteikiama nat\u016brali energija susijungia \u012f subalansuot\u0105 derin\u012f kasdieniam energijos palaikymui ir gerai savijautai.<\/div>\n<\/div>\n<\/div>\n<\/div>\n<\/div>\n<\/div>\n<\/div>\n<div dir=\"auto\"><\/div>\n<div dir=\"auto\"><strong>Cacao mass<\/strong><\/div>\n<div dir=\"auto\">100 % kakavos mas\u0117.<\/div>\n<div dir=\"auto\">Tinka tir\u0161tam kakavos g\u0117rimui, \u0161okoladui, desertams ir kasdieniam ritualui.<\/div>\n<div dir=\"auto\"><\/div>\n<div dir=\"auto\">\u00a0<strong>Maca milteliai<\/strong><\/div>\n<div dir=\"auto\">\u0160velnaus, karamel\u0119 primenan\u010dio skonio milteliai.<\/div>\n<div dir=\"auto\">Papildo kakavos g\u0117rim\u0105 nat\u016bralia energija ir nuotaikos balansui.<\/div>\n<div dir=\"auto\"><\/div>\n<div dir=\"auto\"><strong>Kaip naudoti?<\/strong><\/div>\n<div dir=\"auto\">15-20 g kakavos<\/div>\n<div dir=\"auto\">1 a.\u0161 maca milteli\u0173<\/div>\n<div dir=\"auto\">120 ml vandens<\/div>\n<div dir=\"auto\">Galima \u012fd\u0117ti truputi medaus<\/div>\n<div dir=\"auto\">Visk\u0105 suplakame.<\/div>\n<div dir=\"auto\"><\/div>\n<div dir=\"auto\"><strong>Tinka:<\/strong><\/div>\n<div dir=\"auto\">\u2022 kasdieniam kakavos ritualui<\/div>\n<div dir=\"auto\">\u2022 energijai ir i\u0161tvermei<\/div>\n<div dir=\"auto\">\u2022 sveikesniems g\u0117rimams ir u\u017ekand\u017eiams<\/div>\n<div dir=\"auto\">\u2022 nat\u016braliems supermaisto deriniams<\/div>","protected":false},"featured_media":2531,"comment_status":"open","ping_status":"closed","template":"","meta":{"_acf_changed":false,"_seopress_robots_primary_cat":"none","_seopress_titles_title":"","_seopress_titles_desc":"","_seopress_robots_index":""},"product_brand":[],"product_cat":[19],"product_tag":[],"class_list":{"0":"post-3730","1":"product","2":"type-product","3":"status-publish","4":"has-post-thumbnail","6":"product_cat-rinkiniai","8":"first","9":"instock","10":"sale","11":"shipping-taxable","12":"purchasable","13":"product-type-variable"},"acf":[],"_links":{"self":[{"href":"https:\/\/kakavosromanas.com\/en\/wp-json\/wp\/v2\/product\/3730","targetHints":{"allow":["GET"]}}],"collection":[{"href":"https:\/\/kakavosromanas.com\/en\/wp-json\/wp\/v2\/product"}],"about":[{"href":"https:\/\/kakavosromanas.com\/en\/wp-json\/wp\/v2\/types\/product"}],"replies":[{"embeddable":true,"href":"https:\/\/kakavosromanas.com\/en\/wp-json\/wp\/v2\/comments?post=3730"}],"wp:featuredmedia":[{"embeddable":true,"href":"https:\/\/kakavosromanas.com\/en\/wp-json\/wp\/v2\/media\/2531"}],"wp:attachment":[{"href":"https:\/\/kakavosromanas.com\/en\/wp-json\/wp\/v2\/media?parent=3730"}],"wp:term":[{"taxonomy":"product_brand","embeddable":true,"href":"https:\/\/kakavosromanas.com\/en\/wp-json\/wp\/v2\/product_brand?post=3730"},{"taxonomy":"product_cat","embeddable":true,"href":"https:\/\/kakavosromanas.com\/en\/wp-json\/wp\/v2\/product_cat?post=3730"},{"taxonomy":"product_tag","embeddable":true,"href":"https:\/\/kakavosromanas.com\/en\/wp-json\/wp\/v2\/product_tag?post=3730"}],"curies":[{"name":"wp","href":"https:\/\/api.w.org\/{rel}","templated":true}]}}