{"id":3587,"date":"2025-11-09T20:12:29","date_gmt":"2025-11-09T18:12:29","guid":{"rendered":"https:\/\/kakavosromanas.com\/?post_type=product&#038;p=3587"},"modified":"2025-12-28T22:11:09","modified_gmt":"2025-12-28T20:11:09","slug":"brandintas-uzpilas-su-avietemis","status":"publish","type":"product","link":"https:\/\/kakavosromanas.com\/en\/product\/brandintas-uzpilas-su-avietemis\/","title":{"rendered":"Brandintas u\u017epilas su aviet\u0117mis"},"content":{"rendered":"<p>50 % baltojo vynuogi\u0173 vyno \u017ealiava rauginta acto bakterijomis;<\/p>\n<p>43,5 % \u0161altinio vanduo;<\/p>\n<p>6 % rudasis nerafinuotas cukrus;<\/p>\n<p>0,5% druska.<\/p>","protected":false},"excerpt":{"rendered":"<p>Ilgai brandintas u\u017epilas su nat\u016braliomis aviet\u0117mis, \u0161vie\u017eiu imbieru ir prieskoniais (cinamonas, kvapieji pipiraim kalendra, lauro lapai.)<\/p>\n<p>Naudoti kaip u\u017epil\u0105 salotoms, kaip marinat\u0105 dar\u017eov\u0117ms ar m\u0117sai (ypa\u010d vi\u0161tienai).<\/p>","protected":false},"featured_media":3545,"comment_status":"open","ping_status":"closed","template":"","meta":{"_acf_changed":false,"_seopress_robots_primary_cat":"none","_seopress_titles_title":"","_seopress_titles_desc":"","_seopress_robots_index":""},"product_brand":[],"product_cat":[52],"product_tag":[],"class_list":{"0":"post-3587","1":"product","2":"type-product","3":"status-publish","4":"has-post-thumbnail","6":"product_cat-aliejus","8":"first","9":"instock","10":"shipping-taxable","11":"purchasable","12":"product-type-variable"},"acf":[],"_links":{"self":[{"href":"https:\/\/kakavosromanas.com\/en\/wp-json\/wp\/v2\/product\/3587","targetHints":{"allow":["GET"]}}],"collection":[{"href":"https:\/\/kakavosromanas.com\/en\/wp-json\/wp\/v2\/product"}],"about":[{"href":"https:\/\/kakavosromanas.com\/en\/wp-json\/wp\/v2\/types\/product"}],"replies":[{"embeddable":true,"href":"https:\/\/kakavosromanas.com\/en\/wp-json\/wp\/v2\/comments?post=3587"}],"wp:featuredmedia":[{"embeddable":true,"href":"https:\/\/kakavosromanas.com\/en\/wp-json\/wp\/v2\/media\/3545"}],"wp:attachment":[{"href":"https:\/\/kakavosromanas.com\/en\/wp-json\/wp\/v2\/media?parent=3587"}],"wp:term":[{"taxonomy":"product_brand","embeddable":true,"href":"https:\/\/kakavosromanas.com\/en\/wp-json\/wp\/v2\/product_brand?post=3587"},{"taxonomy":"product_cat","embeddable":true,"href":"https:\/\/kakavosromanas.com\/en\/wp-json\/wp\/v2\/product_cat?post=3587"},{"taxonomy":"product_tag","embeddable":true,"href":"https:\/\/kakavosromanas.com\/en\/wp-json\/wp\/v2\/product_tag?post=3587"}],"curies":[{"name":"wp","href":"https:\/\/api.w.org\/{rel}","templated":true}]}}