{"id":3582,"date":"2025-11-09T20:05:19","date_gmt":"2025-11-09T18:05:19","guid":{"rendered":"https:\/\/kakavosromanas.com\/?post_type=product&#038;p=3582"},"modified":"2025-12-28T22:13:18","modified_gmt":"2025-12-28T20:13:18","slug":"gheealyvuogiu-aliejus","status":"publish","type":"product","link":"https:\/\/kakavosromanas.com\/en\/product\/gheealyvuogiu-aliejus\/","title":{"rendered":"Ghee+alyvuogi\u0173 aliejus"},"content":{"rendered":"<ul>\n<li>80% alyvuogi\u0173 aliejaus mi\u0161inys (kilm\u0117s \u0161alis Ispanija)<\/li>\n<li>20% lydytas sviestas ghee\u00a0(kilm\u0117s \u0161alis EU)<\/li>\n<\/ul>\n<p>100g produkto:<\/p>\n<ul>\n<li>Energetin\u0117 vert\u0117 \u00a03699 kJ\/900 kcal<\/li>\n<li>Riebalai 99,98 g i\u0161 kuri\u0173 so\u010di\u0173j\u0173 riebal\u0173 r\u016bg\u0161\u010di\u0173 13,3 g<\/li>\n<li>Angliavandeniai 0,01 g (cukraus 0 g)<\/li>\n<li>Baltymai 0,01 g<\/li>\n<li>Druska 0 g<\/li>\n<\/ul>","protected":false},"excerpt":{"rendered":"<p><strong>Aliejus kepimui\u00a0<\/strong>su ghee sviestu ir alyvuogi\u0173 aliejumi.<\/p>\n<p><strong>Skonio natos<\/strong> &#8211; salstel\u0117j\u0119s, \u0161velnus rie\u0161ut\u0173 poskonis;\u00a0\u017eoleli\u0173 ir vaisi\u0173 natos. Patiekalams suteikia \u0161veln\u0173 sviesto skon\u012f.<\/p>","protected":false},"featured_media":3547,"comment_status":"open","ping_status":"closed","template":"","meta":{"_acf_changed":false,"_seopress_robots_primary_cat":"none","_seopress_titles_title":"","_seopress_titles_desc":"","_seopress_robots_index":""},"product_brand":[],"product_cat":[52],"product_tag":[],"class_list":{"0":"post-3582","1":"product","2":"type-product","3":"status-publish","4":"has-post-thumbnail","6":"product_cat-aliejus","8":"first","9":"instock","10":"shipping-taxable","11":"purchasable","12":"product-type-variable"},"acf":[],"_links":{"self":[{"href":"https:\/\/kakavosromanas.com\/en\/wp-json\/wp\/v2\/product\/3582","targetHints":{"allow":["GET"]}}],"collection":[{"href":"https:\/\/kakavosromanas.com\/en\/wp-json\/wp\/v2\/product"}],"about":[{"href":"https:\/\/kakavosromanas.com\/en\/wp-json\/wp\/v2\/types\/product"}],"replies":[{"embeddable":true,"href":"https:\/\/kakavosromanas.com\/en\/wp-json\/wp\/v2\/comments?post=3582"}],"wp:featuredmedia":[{"embeddable":true,"href":"https:\/\/kakavosromanas.com\/en\/wp-json\/wp\/v2\/media\/3547"}],"wp:attachment":[{"href":"https:\/\/kakavosromanas.com\/en\/wp-json\/wp\/v2\/media?parent=3582"}],"wp:term":[{"taxonomy":"product_brand","embeddable":true,"href":"https:\/\/kakavosromanas.com\/en\/wp-json\/wp\/v2\/product_brand?post=3582"},{"taxonomy":"product_cat","embeddable":true,"href":"https:\/\/kakavosromanas.com\/en\/wp-json\/wp\/v2\/product_cat?post=3582"},{"taxonomy":"product_tag","embeddable":true,"href":"https:\/\/kakavosromanas.com\/en\/wp-json\/wp\/v2\/product_tag?post=3582"}],"curies":[{"name":"wp","href":"https:\/\/api.w.org\/{rel}","templated":true}]}}