{"id":3576,"date":"2025-11-09T19:51:54","date_gmt":"2025-11-09T17:51:54","guid":{"rendered":"https:\/\/kakavosromanas.com\/?post_type=product&#038;p=3576"},"modified":"2025-12-28T22:14:17","modified_gmt":"2025-12-28T20:14:17","slug":"alyvuogiu-aliejus-kepimui","status":"publish","type":"product","link":"https:\/\/kakavosromanas.com\/en\/product\/alyvuogiu-aliejus-kepimui\/","title":{"rendered":"Alyvuogi\u0173 aliejus kepimui"},"content":{"rendered":"<p>100 g produkto:<\/p>\n<ul>\n<li>Energetin\u0117 vert\u0117 3699 kJ\/900 kcal<\/li>\n<li>Riebalai 99,98 g, i\u0161 kuri\u0173 so\u010di\u0173j\u0173 riebal\u0173 r\u016bg\u0161\u010di\u0173 7 g<\/li>\n<li>Angliavandeniai 0,01 g (cukraus 0 g)<\/li>\n<li>Baltymai 0,01 g<\/li>\n<li>Druska 0 g<\/li>\n<\/ul>","protected":false},"excerpt":{"rendered":"<p><strong>Alyvuogi\u0173 aliejus kepimui<\/strong><\/p>\n<p><strong>Storage conditions:<\/strong>\u00a0rekomenduojama laikyti v\u0117sioje, nuo tiesiogini\u0173 saul\u0117s spinduli\u0173 apsaugotoje vietoje, gali atsirasti nat\u016bralios nuos\u0117dos.<\/p>\n<p><strong>Skonio natos<\/strong>\u00a0&#8211; jau\u010diamos\u00a0\u0161vie\u017ei\u0173 rie\u0161ut\u0173, \u017eoleli\u0173 ir vaisi\u0173 poskonis;\u00a0taip pat \u017ealios \u017eol\u0117s, sauso \u0161ieno natos.<\/p>","protected":false},"featured_media":3546,"comment_status":"open","ping_status":"closed","template":"","meta":{"_acf_changed":false,"_seopress_robots_primary_cat":"none","_seopress_titles_title":"","_seopress_titles_desc":"","_seopress_robots_index":""},"product_brand":[],"product_cat":[52],"product_tag":[],"class_list":{"0":"post-3576","1":"product","2":"type-product","3":"status-publish","4":"has-post-thumbnail","6":"product_cat-aliejus","8":"first","9":"instock","10":"shipping-taxable","11":"purchasable","12":"product-type-variable"},"acf":[],"_links":{"self":[{"href":"https:\/\/kakavosromanas.com\/en\/wp-json\/wp\/v2\/product\/3576","targetHints":{"allow":["GET"]}}],"collection":[{"href":"https:\/\/kakavosromanas.com\/en\/wp-json\/wp\/v2\/product"}],"about":[{"href":"https:\/\/kakavosromanas.com\/en\/wp-json\/wp\/v2\/types\/product"}],"replies":[{"embeddable":true,"href":"https:\/\/kakavosromanas.com\/en\/wp-json\/wp\/v2\/comments?post=3576"}],"wp:featuredmedia":[{"embeddable":true,"href":"https:\/\/kakavosromanas.com\/en\/wp-json\/wp\/v2\/media\/3546"}],"wp:attachment":[{"href":"https:\/\/kakavosromanas.com\/en\/wp-json\/wp\/v2\/media?parent=3576"}],"wp:term":[{"taxonomy":"product_brand","embeddable":true,"href":"https:\/\/kakavosromanas.com\/en\/wp-json\/wp\/v2\/product_brand?post=3576"},{"taxonomy":"product_cat","embeddable":true,"href":"https:\/\/kakavosromanas.com\/en\/wp-json\/wp\/v2\/product_cat?post=3576"},{"taxonomy":"product_tag","embeddable":true,"href":"https:\/\/kakavosromanas.com\/en\/wp-json\/wp\/v2\/product_tag?post=3576"}],"curies":[{"name":"wp","href":"https:\/\/api.w.org\/{rel}","templated":true}]}}