{"id":3338,"date":"2025-09-26T11:30:09","date_gmt":"2025-09-26T08:30:09","guid":{"rendered":"https:\/\/kakavosromanas.com\/?post_type=product&#038;p=3338"},"modified":"2026-02-20T13:45:09","modified_gmt":"2026-02-20T11:45:09","slug":"ceremonines-kakavos-ritualu-rinkinys","status":"publish","type":"product","link":"https:\/\/kakavosromanas.com\/en\/product\/ceremonines-kakavos-ritualu-rinkinys\/","title":{"rendered":"Ceremonin\u0117s kakavos ritual\u0173 rinkinys"},"content":{"rendered":"<p><strong>Ingredients:<\/strong> 100 % kakavos mas\u0117 (Theobroma Cacao).<\/p>\n<p><strong>Storage conditions:<\/strong> sausoje, v\u0117sioje vietoje, atokiai nuo tiesiogini\u0173 saul\u0117s spinduli\u0173.<\/p>\n<p><strong>Produkt\u0173 maistin\u0117 vert\u0117 (100 g):<\/strong><br \/>\nEnergy value 2759 KJ \/ 666 kcal<br \/>\nFat 56,94 g<br \/>\nOf which total saturated fatty acids 32 g<br \/>\nCarbohydrates 25,1 g<br \/>\nOf which total sugars 0,1 g<br \/>\nSalt 0,1 g<br \/>\nBaltymai 13.22 g<br \/>\nFibre 11 g<\/p>","protected":false},"excerpt":{"rendered":"<p><em>I\u0161sirink savo m\u0117gstamiausi\u0105 r\u016b\u0161\u012f \u2013 ragauk, lygink, patirk!<\/em><\/p>\n<p>Atrask skirting\u0173 pasaulio \u0161ali\u0173 <strong>r\u016b\u0161in\u0119 ceremonin\u0119 kakav\u0105<\/strong>\u00a0viename rinkinyje. \u0160i 100 % kakavos mas\u0117s kolekcija \u2013 puikus pasirinkimas tiek\u00a0<strong>pradedantiems<\/strong>, tiek pa\u017eengusiems\u00a0<strong>kakavos ritual\u0173<\/strong>\u00a0praktikams ar tiesiog ie\u0161kantiems autenti\u0161ko skonio.<\/p>\n<h3>\u012e rinkin\u012f \u012feina:<\/h3>\n<p>5 r\u016b\u0161ys po 250 g (1250 g)+ dovanos<\/p>\n<p>3 r\u016b\u0161ys po 250 g (750 g)+ dovanos<\/p>\n<p>Skirtingas m\u016bs\u0173 asortimento kakavas \u2013 tiek gabaliukais, tiek smulkint\u0105, kad b\u016bt\u0173 patogu keliaujant ar darbe.<\/p>\n<div dir=\"auto\">\u00a0Dovanos:<\/div>\n<div dir=\"auto\">* kanapi\u0173 \u017eied\u0173 arbat\u0105 \u0161iltiems vakarams.<\/div>\n<div dir=\"auto\">* Maca miltelius \u2013 nat\u016braliai energijai ir imunitetui.<\/div>\n<div dir=\"auto\">* atmintin\u0117 su 30 intencij\u0173 klausim\u0173 \u2013 kiekvienos dienos ma\u017eas \u017eingsnelis svajon\u0117s link.<\/div>\n<div dir=\"auto\"><\/div>\n<div dir=\"auto\">\u010cia yra viskas, ko reikia J\u016bs\u0173 kakavos kelionei \u012f save \u2013 jaukiems rytams, \u0161ildantiems vakarams ir ma\u017eiems sustojimams kasdienyb\u0117je.<\/div>\n<p>Su \u0161iuo rinkiniu gal\u0117site leistis \u012f savo roman\u0105!<\/p>\n<p>Tinka veganams ir ceremoninei kakavai \u2013 idealiai tinka tiek kasdieniam vartojimui, tiek ritualinei kakavos ceremonijai.<\/p>\n<p>Be glitimo, be prid\u0117tinio cukraus, be joki\u0173 pried\u0173 \u2013 tik gryna kakava.<\/p>\n<p>Puikiai tinka \u0161okolado gamybai, desertams, \u0161iltam kakavos g\u0117rimui ar ritualinei praktikai.<\/p>\n<p>&nbsp;<\/p>","protected":false},"featured_media":2539,"comment_status":"open","ping_status":"closed","template":"","meta":{"_acf_changed":false,"_seopress_robots_primary_cat":"none","_seopress_titles_title":"","_seopress_titles_desc":"","_seopress_robots_index":""},"product_brand":[],"product_cat":[17,19],"product_tag":[],"class_list":{"0":"post-3338","1":"product","2":"type-product","3":"status-publish","4":"has-post-thumbnail","6":"product_cat-kakava","7":"product_cat-rinkiniai","9":"first","10":"outofstock","11":"sale","12":"shipping-taxable","13":"purchasable","14":"product-type-variable"},"acf":[],"_links":{"self":[{"href":"https:\/\/kakavosromanas.com\/en\/wp-json\/wp\/v2\/product\/3338","targetHints":{"allow":["GET"]}}],"collection":[{"href":"https:\/\/kakavosromanas.com\/en\/wp-json\/wp\/v2\/product"}],"about":[{"href":"https:\/\/kakavosromanas.com\/en\/wp-json\/wp\/v2\/types\/product"}],"replies":[{"embeddable":true,"href":"https:\/\/kakavosromanas.com\/en\/wp-json\/wp\/v2\/comments?post=3338"}],"wp:featuredmedia":[{"embeddable":true,"href":"https:\/\/kakavosromanas.com\/en\/wp-json\/wp\/v2\/media\/2539"}],"wp:attachment":[{"href":"https:\/\/kakavosromanas.com\/en\/wp-json\/wp\/v2\/media?parent=3338"}],"wp:term":[{"taxonomy":"product_brand","embeddable":true,"href":"https:\/\/kakavosromanas.com\/en\/wp-json\/wp\/v2\/product_brand?post=3338"},{"taxonomy":"product_cat","embeddable":true,"href":"https:\/\/kakavosromanas.com\/en\/wp-json\/wp\/v2\/product_cat?post=3338"},{"taxonomy":"product_tag","embeddable":true,"href":"https:\/\/kakavosromanas.com\/en\/wp-json\/wp\/v2\/product_tag?post=3338"}],"curies":[{"name":"wp","href":"https:\/\/api.w.org\/{rel}","templated":true}]}}