{"id":3254,"date":"2025-09-10T23:34:39","date_gmt":"2025-09-10T20:34:39","guid":{"rendered":"https:\/\/kakavosromanas.com\/?post_type=product&#038;p=3254"},"modified":"2026-04-18T11:37:59","modified_gmt":"2026-04-18T08:37:59","slug":"smulkinta-kakavos-mase-tailando","status":"publish","type":"product","link":"https:\/\/kakavosromanas.com\/en\/product\/smulkinta-kakavos-mase-tailando\/","title":{"rendered":"Smulkinta kakavos mas\u0117 &#8211; Tailando"},"content":{"rendered":"<p><strong>Ingredients:<\/strong> susmulkinta kakavos mas\u0117 pagaminta i\u0161 100% Criollo ir Trinitario pupeli\u0173 mi\u0161inio, be pried\u0173.<\/p>\n<p><strong>Country of origin:<\/strong> Tailandas<\/p>\n<p><strong>Storage conditions:<\/strong>\u00a0store in a cool, dry place, out of direct sunlight.<\/p>\n<p><strong>Poskonis:<\/strong>\u00a0\u017eali\u0173 obuoli\u0173 natos papildo lengvo balto vyno r\u016bg\u0161tel\u0117.<\/p>\n<p><strong>Nutritional value (100 g)<\/strong>:<br \/>\nEnergy value 2759 KJ \/ 666 kcal<br \/>\nFat 56,94 g<br \/>\nOf which total saturated fatty acids 32 g<br \/>\nCarbohydrates 25,1 g<br \/>\nOf which total sugars 0,1 g<br \/>\nSalt 0,1 g<br \/>\nProtein 12 g<br \/>\nFibre 11 g<\/p>","protected":false},"excerpt":{"rendered":"<p>Tailando kakava &#8211; \u0160i mas\u0117 i\u0161siskiria savo lengvu, bet charakteringu skoniu, kuris \u017eavi subtilumu ir gaivumu. Tai rafinuotas pasirinkimas tiems, kurie ie\u0161ko i\u0161skirtini\u0173, netik\u0117t\u0173 \u0161okolado nat\u0173 \u2013 neperkrauto, bet turin\u010dio ai\u0161ki\u0105 skonio tapatyb\u0119. Skonio palet\u0117: Pagrind\u0105 sudaro \u0161velnus kakavos \u0161okoladi\u0161kumas, kur\u012f papildo gaivios \u017eali\u0173 obuoli\u0173 natos. Poskonyje juntama ir eleganti\u0161ka balto vyno r\u016bg\u0161tel\u0117, suteikianti skonio kompozicijai subtilaus a\u0161trumo bei vaisi\u0161kos gyvyb\u0117s<\/p>\n<p>Tinka veganams ir ceremoninei kakavai \u2013 idealiai tinka tiek kasdieniam vartojimui, tiek ritualinei kakavos ceremonijai.<\/p>\n<p>Be glitimo, be prid\u0117tinio cukraus, be joki\u0173 pried\u0173 \u2013 tik gryna kakava.<\/p>\n<p>Puikiai tinka \u0161okolado gamybai, desertams, \u0161iltam kakavos g\u0117rimui ar ritualinei praktikai.<\/p>\n<p>M\u016bs\u0173 smulkinta kakava \u2013 tam, kad jos ruo\u0161imas b\u016bt\u0173 lengvesnis. Jeigu skubate, keliaujate ar tiesiog nesinori patiems smulkinti kakavos mas\u0117s \u2013 tai puikus ir patogus sprendimas. Tas pats kakavos gylis, tik su daugiau paprastumo. <span class=\"html-span xexx8yu xyri2b x18d9i69 x1c1uobl x1hl2dhg x16tdsg8 x1vvkbs x3nfvp2 x1j61x8r x1fcty0u xdj266r xat24cr xm2jcoa x1mpyi22 xxymvpz xlup9mm x1kky2od\"><img loading=\"lazy\" decoding=\"async\" class=\"xz74otr x15mokao x1ga7v0g x16uus16 xbiv7yw\" src=\"https:\/\/z-p3-static.xx.fbcdn.net\/images\/emoji.php\/v9\/t46\/1\/16\/1f90e.png\" alt=\"\ud83e\udd0e\" width=\"16\" height=\"16\" \/><\/span><\/p>","protected":false},"featured_media":2534,"comment_status":"open","ping_status":"closed","template":"","meta":{"_acf_changed":false,"_seopress_robots_primary_cat":"none","_seopress_titles_title":"Tailando kakava \u2013 \u0160okoladas su obuoli\u0173 ir vyno natomis","_seopress_titles_desc":"Tailando kakava \u2013 lengvas, bet i\u0161rai\u0161kingas \u0161okolado skonis su \u017eali\u0173 obuoli\u0173 natomis ir eleganti\u0161ka balto vyno r\u016bg\u0161tele. Rafinuotas pasirinkimas.","_seopress_robots_index":""},"product_brand":[],"product_cat":[17],"product_tag":[],"class_list":{"0":"post-3254","1":"product","2":"type-product","3":"status-publish","4":"has-post-thumbnail","6":"product_cat-kakava","8":"first","9":"instock","10":"shipping-taxable","11":"purchasable","12":"product-type-variable"},"acf":[],"_links":{"self":[{"href":"https:\/\/kakavosromanas.com\/en\/wp-json\/wp\/v2\/product\/3254","targetHints":{"allow":["GET"]}}],"collection":[{"href":"https:\/\/kakavosromanas.com\/en\/wp-json\/wp\/v2\/product"}],"about":[{"href":"https:\/\/kakavosromanas.com\/en\/wp-json\/wp\/v2\/types\/product"}],"replies":[{"embeddable":true,"href":"https:\/\/kakavosromanas.com\/en\/wp-json\/wp\/v2\/comments?post=3254"}],"wp:featuredmedia":[{"embeddable":true,"href":"https:\/\/kakavosromanas.com\/en\/wp-json\/wp\/v2\/media\/2534"}],"wp:attachment":[{"href":"https:\/\/kakavosromanas.com\/en\/wp-json\/wp\/v2\/media?parent=3254"}],"wp:term":[{"taxonomy":"product_brand","embeddable":true,"href":"https:\/\/kakavosromanas.com\/en\/wp-json\/wp\/v2\/product_brand?post=3254"},{"taxonomy":"product_cat","embeddable":true,"href":"https:\/\/kakavosromanas.com\/en\/wp-json\/wp\/v2\/product_cat?post=3254"},{"taxonomy":"product_tag","embeddable":true,"href":"https:\/\/kakavosromanas.com\/en\/wp-json\/wp\/v2\/product_tag?post=3254"}],"curies":[{"name":"wp","href":"https:\/\/api.w.org\/{rel}","templated":true}]}}