{"id":2953,"date":"2025-07-21T12:48:28","date_gmt":"2025-07-21T09:48:28","guid":{"rendered":"https:\/\/kakavosromanas.com\/?post_type=product&#038;p=2953"},"modified":"2026-02-20T13:34:26","modified_gmt":"2026-02-20T11:34:26","slug":"vasaros-kakavos-rinkinys","status":"publish","type":"product","link":"https:\/\/kakavosromanas.com\/en\/product\/vasaros-kakavos-rinkinys\/","title":{"rendered":"Didysis kakavos rinkinys (3&#215;250 g)"},"content":{"rendered":"<p><strong>Ingredients:<\/strong> 100 % kakavos mas\u0117 (Theobroma Cacao).<\/p>\n<p><strong>Storage conditions:<\/strong> sausoje, v\u0117sioje vietoje, atokiai nuo tiesiogini\u0173 saul\u0117s spinduli\u0173.<\/p>\n<p><strong>Nutritional value (100 g):<\/strong><br \/>\nEnergy value 2759 KJ \/ 666 kcal<br \/>\nFat 56,94 g<br \/>\nOf which total saturated fatty acids 32 g<br \/>\nCarbohydrates 25,1 g<br \/>\nOf which total sugars 0,1 g<br \/>\nSalt 0,1 g<br \/>\nBaltymai 13.22 g<br \/>\nFibre 11 g<\/p>","protected":false},"excerpt":{"rendered":"<p><em>I\u0161sirink savo m\u0117gstamiausi\u0105 r\u016b\u0161\u012f \u2013 ragauk, lygink, patirk!<\/em><\/p>\n<p>Atrask trij\u0173 pasaulio \u0161ali\u0173 <strong>r\u016b\u0161in\u0119 ceremonin\u0119 kakav\u0105<\/strong>\u00a0viename rinkinyje. \u0160i 100 % kakavos mas\u0117s kolekcija \u2013 puikus pasirinkimas tiek\u00a0<strong>pradedantiems<\/strong>, tiek pa\u017eengusiems\u00a0<strong>kakavos ritual\u0173<\/strong>\u00a0praktikams ar tiesiog ie\u0161kantiems autenti\u0161ko skonio.<\/p>\n<h3>\u012e rinkin\u012f \u012feina:<\/h3>\n<p>3 r\u016b\u0161ys po 250 g<\/p>\n<p><strong>Venesuela<\/strong>\u00a0\u2013 \u0161velni, be r\u016bg\u0161tumo, itin lengva kakava.<br \/>\n<b>Nikaragva<\/b>\u2013 subtili, \u0161velniai riebi, puikiai tinka pirmam ragavimui.<br \/>\n<strong>Vietnamas<\/strong>\u00a0\u2013 gili, intensyvi, primenanti kav\u0105, su uog\u0173 natomis.<\/p>\n<p>Su \u0161iuo rinkiniu gal\u0117si leistis \u012f vasaros roman\u0105!<\/p>\n<p>Tinka veganams ir ceremoninei kakavai \u2013 idealiai tinka tiek kasdieniam vartojimui, tiek ritualinei kakavos ceremonijai.<\/p>\n<p>Be glitimo, be prid\u0117tinio cukraus, be joki\u0173 pried\u0173 \u2013 tik gryna kakava.<\/p>\n<p>Puikiai tinka \u0161okolado gamybai, desertams, \u0161iltam kakavos g\u0117rimui ar ritualinei praktikai.<\/p>\n<p>&nbsp;<\/p>","protected":false},"featured_media":2539,"comment_status":"open","ping_status":"closed","template":"","meta":{"_acf_changed":false,"_seopress_robots_primary_cat":"none","_seopress_titles_title":"","_seopress_titles_desc":"","_seopress_robots_index":""},"product_brand":[],"product_cat":[17,19],"product_tag":[],"class_list":{"0":"post-2953","1":"product","2":"type-product","3":"status-publish","4":"has-post-thumbnail","6":"product_cat-kakava","7":"product_cat-rinkiniai","9":"first","10":"instock","11":"sale","12":"shipping-taxable","13":"purchasable","14":"product-type-simple"},"acf":[],"_links":{"self":[{"href":"https:\/\/kakavosromanas.com\/en\/wp-json\/wp\/v2\/product\/2953","targetHints":{"allow":["GET"]}}],"collection":[{"href":"https:\/\/kakavosromanas.com\/en\/wp-json\/wp\/v2\/product"}],"about":[{"href":"https:\/\/kakavosromanas.com\/en\/wp-json\/wp\/v2\/types\/product"}],"replies":[{"embeddable":true,"href":"https:\/\/kakavosromanas.com\/en\/wp-json\/wp\/v2\/comments?post=2953"}],"wp:featuredmedia":[{"embeddable":true,"href":"https:\/\/kakavosromanas.com\/en\/wp-json\/wp\/v2\/media\/2539"}],"wp:attachment":[{"href":"https:\/\/kakavosromanas.com\/en\/wp-json\/wp\/v2\/media?parent=2953"}],"wp:term":[{"taxonomy":"product_brand","embeddable":true,"href":"https:\/\/kakavosromanas.com\/en\/wp-json\/wp\/v2\/product_brand?post=2953"},{"taxonomy":"product_cat","embeddable":true,"href":"https:\/\/kakavosromanas.com\/en\/wp-json\/wp\/v2\/product_cat?post=2953"},{"taxonomy":"product_tag","embeddable":true,"href":"https:\/\/kakavosromanas.com\/en\/wp-json\/wp\/v2\/product_tag?post=2953"}],"curies":[{"name":"wp","href":"https:\/\/api.w.org\/{rel}","templated":true}]}}