{"id":2790,"date":"2025-06-24T16:56:18","date_gmt":"2025-06-24T13:56:18","guid":{"rendered":"https:\/\/kakavosromanas.com\/?post_type=product&#038;p=2790"},"modified":"2026-04-07T10:31:49","modified_gmt":"2026-04-07T07:31:49","slug":"smulkinta-kakavos-mase-venesuelos","status":"publish","type":"product","link":"https:\/\/kakavosromanas.com\/en\/product\/smulkinta-kakavos-mase-venesuelos\/","title":{"rendered":"Smulkinta kakavos mas\u0117 &#8211; Venesuelos"},"content":{"rendered":"<p><strong>Ingredients:<\/strong> 100 % smulkinta kakavos mas\u0117 (Theobroma Cacao \u2013 Criollo).<\/p>\n<p><strong>Country of origin:<\/strong> Venezuela, South America.<\/p>\n<p><strong>Storage conditions:<\/strong> sausoje, v\u0117sioje vietoje, atokiai nuo tiesiogini\u0173 saul\u0117s spinduli\u0173.<\/p>\n<p><strong>Nutritional value (100 g):<\/strong><br \/>\nEnergy value 2759 KJ \/ 666 kcal<br \/>\nFat 56,94 g<br \/>\nOf which total saturated fatty acids 32 g<br \/>\nCarbohydrates 25,1 g<br \/>\nOf which total sugars 0,1 g<br \/>\nSalt 0,1 g<br \/>\nBaltymai 13.22 g<br \/>\nFibre 11 g<\/p>","protected":false},"excerpt":{"rendered":"<p>Venesuelos kakavos mas\u0117 i\u0161 Criollo pupeli\u0173 (100 %)<\/p>\n<p>Atraskite i\u0161skirtin\u0119 kakavos patirt\u012f su auk\u0161\u010diausios kokyb\u0117s kakavos mase i\u0161 Venesuelos, pagamint\u0105 i\u0161 ret\u0173j\u0173 Criollo pupeli\u0173. \u0160i 100 % nat\u016brali kakavos mas\u0117 be joki\u0173 pried\u0173 ar cukraus yra puikus pasirinkimas ie\u0161kantiems gryno skonio bei sveikesni\u0173 alternatyv\u0173.<\/p>\n<p>Kod\u0117l verta rinktis \u0161i\u0105 kakav\u0105?<\/p>\n<p>I\u0161 ma\u017e\u0173 \u016bki\u0173 Venesueloje \u2013 kiekviena partija atkeliauja tiesiai i\u0161 atsakingai \u016bkininkaujan\u010di\u0173 \u0161eim\u0173.<\/p>\n<p>Criollo pupel\u0117s \u2013 vienos re\u010diausi\u0173 ir vertingiausi\u0173 kakavos pupeli\u0173 pasaulyje, \u017einomos d\u0117l savo \u0161velnaus ir kompleksi\u0161ko skonio profilio.<\/p>\n<p>Subtilus skonis \u2013 kreminis \u0161okoladinis poskonis be r\u016bg\u0161tumo.<\/p>\n<p>Tinka veganams ir ceremoninei kakavai \u2013 idealiai tinka tiek kasdieniam vartojimui, tiek ritualinei kakavos ceremonijai.<\/p>\n<p>Be glitimo, be prid\u0117tinio cukraus, be joki\u0173 pried\u0173 \u2013 tik gryna kakava.<\/p>\n<p>Puikiai tinka \u0161okolado gamybai, desertams, \u0161iltam kakavos g\u0117rimui ar ritualinei praktikai.<\/p>\n<p>M\u016bs\u0173 smulkinta kakava \u2013 tam, kad jos ruo\u0161imas b\u016bt\u0173 lengvesnis. Jeigu skubate, keliaujate ar tiesiog nesinori patiems smulkinti kakavos mas\u0117s \u2013 tai puikus ir patogus sprendimas. Tas pats kakavos gylis, tik su daugiau paprastumo. <span class=\"html-span xexx8yu xyri2b x18d9i69 x1c1uobl x1hl2dhg x16tdsg8 x1vvkbs x3nfvp2 x1j61x8r x1fcty0u xdj266r xat24cr xm2jcoa x1mpyi22 xxymvpz xlup9mm x1kky2od\"><img loading=\"lazy\" decoding=\"async\" class=\"xz74otr x15mokao x1ga7v0g x16uus16 xbiv7yw\" src=\"https:\/\/z-p3-static.xx.fbcdn.net\/images\/emoji.php\/v9\/t46\/1\/16\/1f90e.png\" alt=\"\ud83e\udd0e\" width=\"16\" height=\"16\" \/><\/span><\/p>\n<p>&nbsp;<\/p>","protected":false},"featured_media":2538,"comment_status":"open","ping_status":"closed","template":"","meta":{"_acf_changed":false,"_seopress_robots_primary_cat":"none","_seopress_titles_title":"Kakavos mas\u0117 \u2013 100\u202f% Criollo i\u0161 Venesuelos, be pried\u0173","_seopress_titles_desc":"Kakavos mas\u0117 i\u0161 Venesuelos Criollo pupeli\u0173 \u2013 be cukraus, be pried\u0173. Subtilus, \u0161velnus skonis. Tinka \u0161okoladui, g\u0117rimams ir kakavos ceremonijoms.","_seopress_robots_index":""},"product_brand":[],"product_cat":[17],"product_tag":[],"class_list":{"0":"post-2790","1":"product","2":"type-product","3":"status-publish","4":"has-post-thumbnail","6":"product_cat-kakava","8":"first","9":"outofstock","10":"shipping-taxable","11":"purchasable","12":"product-type-variable","13":"has-default-attributes"},"acf":[],"_links":{"self":[{"href":"https:\/\/kakavosromanas.com\/en\/wp-json\/wp\/v2\/product\/2790","targetHints":{"allow":["GET"]}}],"collection":[{"href":"https:\/\/kakavosromanas.com\/en\/wp-json\/wp\/v2\/product"}],"about":[{"href":"https:\/\/kakavosromanas.com\/en\/wp-json\/wp\/v2\/types\/product"}],"replies":[{"embeddable":true,"href":"https:\/\/kakavosromanas.com\/en\/wp-json\/wp\/v2\/comments?post=2790"}],"wp:featuredmedia":[{"embeddable":true,"href":"https:\/\/kakavosromanas.com\/en\/wp-json\/wp\/v2\/media\/2538"}],"wp:attachment":[{"href":"https:\/\/kakavosromanas.com\/en\/wp-json\/wp\/v2\/media?parent=2790"}],"wp:term":[{"taxonomy":"product_brand","embeddable":true,"href":"https:\/\/kakavosromanas.com\/en\/wp-json\/wp\/v2\/product_brand?post=2790"},{"taxonomy":"product_cat","embeddable":true,"href":"https:\/\/kakavosromanas.com\/en\/wp-json\/wp\/v2\/product_cat?post=2790"},{"taxonomy":"product_tag","embeddable":true,"href":"https:\/\/kakavosromanas.com\/en\/wp-json\/wp\/v2\/product_tag?post=2790"}],"curies":[{"name":"wp","href":"https:\/\/api.w.org\/{rel}","templated":true}]}}