{"id":2707,"date":"2025-06-06T17:47:41","date_gmt":"2025-06-06T14:47:41","guid":{"rendered":"https:\/\/kakavosromanas.com\/?post_type=product&#038;p=2707"},"modified":"2026-02-07T20:32:46","modified_gmt":"2026-02-07T18:32:46","slug":"kanapiu-ziedu-arbata","status":"publish","type":"product","link":"https:\/\/kakavosromanas.com\/en\/product\/kanapiu-ziedu-arbata\/","title":{"rendered":"Kanapi\u0173 \u017eied\u0173 arbata"},"content":{"rendered":"<p><strong>Ingredients:<\/strong> 100% pluo\u0161tini\u0173 kanapi\u0173 \u017eiedai ir lapai.<\/p>\n<p><strong>Country of origin:<\/strong> Lietuva<\/p>\n<p><strong>Grynas kiekis:<\/strong> 30 g<\/p>\n<p><strong>Storage conditions:<\/strong>\u00a0sausoje, v\u0117sioje vietoje, atokiai nuo tiesiogini\u0173 saul\u0117s spinduli\u0173.<\/p>\n<p>&nbsp;<\/p>","protected":false},"excerpt":{"rendered":"<p>Pluo\u0161tini\u0173 kanapi\u0173 lapeli\u0173 bei \u017eied\u0173 arbata \u2013 nat\u016bralus atsipalaidavimo ritualas.<\/p>\n<p>\u0160i 100 % nat\u016brali kanapi\u0173 \u017eied\u0173 arbata \u2013 puikus pasirinkimas vakariniam nusiraminimui ar tiesiog l\u0117tesnei dienos akimirkai. Arbata gaminama i\u0161 \u0161velniai d\u017eiovint\u0173 pluo\u0161tini\u0173 kanapi\u0173\u00a0 \u017eied\u0173.<\/p>\n<p>Savyb\u0117s:<br \/>\n\u2013 Ramina nerv\u0173 sistem\u0105<br \/>\n\u2013 Palaiko mieg\u0105<br \/>\n\u2013 Ma\u017eina \u012ftamp\u0105<br \/>\n\u2013 Gaivus, \u0161velniai \u017eemi\u0161kas skonis<br \/>\n\u2013 Tinka gerti vien\u0105 arba mai\u0161yti su kitomis \u017eolel\u0117mis<\/p>\n<p>Kaip naudoti: 1 arbatin\u012f \u0161auk\u0161tel\u012f u\u017eplikyti 5\u201310 min. ~80 \u00b0C vandeniu.<\/p>\n<p>\u0160velnus kvapas. Nat\u016bralus poveikis. Kasdieniam ritualui.<\/p>","protected":false},"featured_media":3626,"comment_status":"open","ping_status":"closed","template":"","meta":{"_acf_changed":false,"_seopress_robots_primary_cat":"none","_seopress_titles_title":"","_seopress_titles_desc":"","_seopress_robots_index":""},"product_brand":[],"product_cat":[30],"product_tag":[],"class_list":{"0":"post-2707","1":"product","2":"type-product","3":"status-publish","4":"has-post-thumbnail","6":"product_cat-kita","8":"first","9":"onbackorder","10":"shipping-taxable","11":"purchasable","12":"product-type-variable"},"acf":[],"_links":{"self":[{"href":"https:\/\/kakavosromanas.com\/en\/wp-json\/wp\/v2\/product\/2707","targetHints":{"allow":["GET"]}}],"collection":[{"href":"https:\/\/kakavosromanas.com\/en\/wp-json\/wp\/v2\/product"}],"about":[{"href":"https:\/\/kakavosromanas.com\/en\/wp-json\/wp\/v2\/types\/product"}],"replies":[{"embeddable":true,"href":"https:\/\/kakavosromanas.com\/en\/wp-json\/wp\/v2\/comments?post=2707"}],"wp:featuredmedia":[{"embeddable":true,"href":"https:\/\/kakavosromanas.com\/en\/wp-json\/wp\/v2\/media\/3626"}],"wp:attachment":[{"href":"https:\/\/kakavosromanas.com\/en\/wp-json\/wp\/v2\/media?parent=2707"}],"wp:term":[{"taxonomy":"product_brand","embeddable":true,"href":"https:\/\/kakavosromanas.com\/en\/wp-json\/wp\/v2\/product_brand?post=2707"},{"taxonomy":"product_cat","embeddable":true,"href":"https:\/\/kakavosromanas.com\/en\/wp-json\/wp\/v2\/product_cat?post=2707"},{"taxonomy":"product_tag","embeddable":true,"href":"https:\/\/kakavosromanas.com\/en\/wp-json\/wp\/v2\/product_tag?post=2707"}],"curies":[{"name":"wp","href":"https:\/\/api.w.org\/{rel}","templated":true}]}}