{"id":2433,"date":"2025-04-14T21:17:15","date_gmt":"2025-04-14T18:17:15","guid":{"rendered":"https:\/\/kakavosromanas.com\/?post_type=product&#038;p=2433"},"modified":"2026-02-03T20:38:02","modified_gmt":"2026-02-03T18:38:02","slug":"saldainiai","status":"publish","type":"product","link":"https:\/\/kakavosromanas.com\/en\/product\/saldainiai\/","title":{"rendered":"Saldainiai"},"content":{"rendered":"<p>D\u0117\u017eut\u0117je rasite 6 saldainius.<\/p>\n<p>2 vnt- 55%\u00a0\u0161okoladas, cukrus, kadagys<\/p>\n<p>2 vnt- 55% \u0161okoladas, cukrus, pasifloras su \u010dili pipiru<\/p>\n<p>2 vnt- 55% \u0161okoladas, cukrus, citrin\u017eol\u0117.<\/p>","protected":false},"excerpt":{"rendered":"<p>M\u016bs\u0173 naujiena \u2013 saldainiai, kuriuos pamilo visi vos paragav\u0119. Taip, tai m\u016bs\u0173 saldainiai. Gaminami i\u0161 m\u016bs\u0173 pa\u010di\u0173 kakavos, kruop\u0161\u010diai kurti ir ragauti tol, kol tapo b\u016btent tokie \u2013 netik\u0117ti, dr\u0105s\u016bs ir nepaprastai skan\u016bs. Skoniai? Gali b\u016bti, kad pirm\u0105 kart\u0105 apie tokius derinius girdite. Kadagys? Ciber\u017eol\u0117? O gal pasifloras su \u010dili pipiru? Skamba keistai? Galb\u016bt. Bet paragavus \u2013 nor\u0117sis dar. Labai gaila, kad skoni\u0173 dar ne\u012fmanoma perduoti per ekran\u0105, bet vien\u0105 galime pasi\u016blyti \u2013 tiesiog paragauk. Nes \u0161ie saldainiai \u2013 ne tik saldus k\u0105snis, bet ir patirtis.<\/p>\n<p>*vasaros metu saldaini\u0173 netur\u0117sime.<\/p>\n<p>&nbsp;<\/p>","protected":false},"featured_media":3647,"comment_status":"open","ping_status":"closed","template":"","meta":{"_acf_changed":false,"_seopress_robots_primary_cat":"none","_seopress_titles_title":"","_seopress_titles_desc":"","_seopress_robots_index":""},"product_brand":[],"product_cat":[30],"product_tag":[],"class_list":{"0":"post-2433","1":"product","2":"type-product","3":"status-publish","4":"has-post-thumbnail","6":"product_cat-kita","8":"first","9":"instock","10":"shipping-taxable","11":"purchasable","12":"product-type-variable"},"acf":[],"_links":{"self":[{"href":"https:\/\/kakavosromanas.com\/en\/wp-json\/wp\/v2\/product\/2433","targetHints":{"allow":["GET"]}}],"collection":[{"href":"https:\/\/kakavosromanas.com\/en\/wp-json\/wp\/v2\/product"}],"about":[{"href":"https:\/\/kakavosromanas.com\/en\/wp-json\/wp\/v2\/types\/product"}],"replies":[{"embeddable":true,"href":"https:\/\/kakavosromanas.com\/en\/wp-json\/wp\/v2\/comments?post=2433"}],"wp:featuredmedia":[{"embeddable":true,"href":"https:\/\/kakavosromanas.com\/en\/wp-json\/wp\/v2\/media\/3647"}],"wp:attachment":[{"href":"https:\/\/kakavosromanas.com\/en\/wp-json\/wp\/v2\/media?parent=2433"}],"wp:term":[{"taxonomy":"product_brand","embeddable":true,"href":"https:\/\/kakavosromanas.com\/en\/wp-json\/wp\/v2\/product_brand?post=2433"},{"taxonomy":"product_cat","embeddable":true,"href":"https:\/\/kakavosromanas.com\/en\/wp-json\/wp\/v2\/product_cat?post=2433"},{"taxonomy":"product_tag","embeddable":true,"href":"https:\/\/kakavosromanas.com\/en\/wp-json\/wp\/v2\/product_tag?post=2433"}],"curies":[{"name":"wp","href":"https:\/\/api.w.org\/{rel}","templated":true}]}}