{"id":2405,"date":"2025-04-11T08:58:22","date_gmt":"2025-04-11T05:58:22","guid":{"rendered":"https:\/\/kakavosromanas.com\/?post_type=product&#038;p=2405"},"modified":"2026-04-17T12:23:26","modified_gmt":"2026-04-17T09:23:26","slug":"meksikos-kakava","status":"publish","type":"product","link":"https:\/\/kakavosromanas.com\/en\/product\/meksikos-kakava\/","title":{"rendered":"Kakavos mas\u0117 &#8211; Meksikos"},"content":{"rendered":"<p><strong>Ingredients: <\/strong>kakavos mas\u0117 pagaminta i\u0161 100% Criollo ir Trinitario pupeli\u0173 mi\u0161inio, be pried\u0173.<\/p>\n<p><strong>Country of origin:<\/strong> Meksika<\/p>\n<p><strong>Storage conditions:<\/strong>\u00a0store in a cool, dry place, out of direct sunlight.<\/p>\n<p><strong>Poskonis:<\/strong>\u00a0\u0161velnios medienos, gaivi\u0173 granat\u0173, slyv\u0173 ir lengvo pipiro natos.<\/p>\n<p><strong>Nutritional value (100 g)<\/strong>:<br \/>\nEnergy value 2759 KJ \/ 666 kcal<br \/>\nFat 56,94 g<br \/>\nOf which total saturated fatty acids 32 g<br \/>\nCarbohydrates 25,1 g<br \/>\nOf which total sugars 0,1 g<br \/>\nSalt 0,1 g<br \/>\nBaltymai 13,22 g<br \/>\nFibre 11 g<\/p>","protected":false},"excerpt":{"rendered":"<p>Meksikos kakava \u2013 tai autenti\u0161kas ir gilus skonio potyris, atspindintis senas kakavos vartojimo tradicijas. \u0160i kakava i\u0161laiko pusiausvyr\u0105 tarp klasikinio \u0161okoladi\u0161kumo ir subtili\u0173, netik\u0117t\u0173 poskoni\u0173. Ji tinka tiems, kurie vertina kompleksi\u0161k\u0105, bet harmoning\u0105 skon\u012f. Skonio palet\u0117: Meksikos kakavos pagrindas pasi\u017eymi \u0161velniu medienos prisilietimu, kuris suteikia \u0161ilumos ir gilumo. Ragaujant atsiskleid\u017eia gaivi\u0173 granat\u0173 ir slyv\u0173 natos, kurios suteikia vaisi\u0161k\u0105 lengvum\u0105. Visa tai subtiliai papildo lengvo pipiro a\u0161trumas, paliekantis eleganti\u0161k\u0105 ir \u0161iek tiek egzoti\u0161k\u0105 poskon\u012f.<\/p>\n<p>Tinka veganams ir ceremoninei kakavai \u2013 idealiai tinka tiek kasdieniam vartojimui, tiek ritualinei kakavos ceremonijai.<\/p>\n<p>Be glitimo, be prid\u0117tinio cukraus, be joki\u0173 pried\u0173 \u2013 tik gryna kakava.<\/p>\n<p>Puikiai tinka \u0161okolado gamybai, desertams, \u0161iltam kakavos g\u0117rimui ar ritualinei praktikai.<\/p>","protected":false},"featured_media":2531,"comment_status":"open","ping_status":"closed","template":"","meta":{"_acf_changed":false,"_seopress_robots_primary_cat":"none","_seopress_titles_title":"Meksikos kakava \u2013 autenti\u0161kas ir gilus skonio potyris","_seopress_titles_desc":"Meksikos kakava \u2013 autenti\u0161ka kakavos mas\u0117 su vaisi\u0173 natomis, \u0161velniu medienos prisilietimu ir lengvu pipiro poskoniu \u2013 harmoninga skonio patirtis.","_seopress_robots_index":""},"product_brand":[],"product_cat":[17],"product_tag":[],"class_list":{"0":"post-2405","1":"product","2":"type-product","3":"status-publish","4":"has-post-thumbnail","6":"product_cat-kakava","8":"first","9":"instock","10":"sale","11":"shipping-taxable","12":"purchasable","13":"product-type-variable","14":"has-default-attributes"},"acf":[],"_links":{"self":[{"href":"https:\/\/kakavosromanas.com\/en\/wp-json\/wp\/v2\/product\/2405","targetHints":{"allow":["GET"]}}],"collection":[{"href":"https:\/\/kakavosromanas.com\/en\/wp-json\/wp\/v2\/product"}],"about":[{"href":"https:\/\/kakavosromanas.com\/en\/wp-json\/wp\/v2\/types\/product"}],"replies":[{"embeddable":true,"href":"https:\/\/kakavosromanas.com\/en\/wp-json\/wp\/v2\/comments?post=2405"}],"wp:featuredmedia":[{"embeddable":true,"href":"https:\/\/kakavosromanas.com\/en\/wp-json\/wp\/v2\/media\/2531"}],"wp:attachment":[{"href":"https:\/\/kakavosromanas.com\/en\/wp-json\/wp\/v2\/media?parent=2405"}],"wp:term":[{"taxonomy":"product_brand","embeddable":true,"href":"https:\/\/kakavosromanas.com\/en\/wp-json\/wp\/v2\/product_brand?post=2405"},{"taxonomy":"product_cat","embeddable":true,"href":"https:\/\/kakavosromanas.com\/en\/wp-json\/wp\/v2\/product_cat?post=2405"},{"taxonomy":"product_tag","embeddable":true,"href":"https:\/\/kakavosromanas.com\/en\/wp-json\/wp\/v2\/product_tag?post=2405"}],"curies":[{"name":"wp","href":"https:\/\/api.w.org\/{rel}","templated":true}]}}