{"id":2390,"date":"2025-04-11T08:36:14","date_gmt":"2025-04-11T05:36:14","guid":{"rendered":"https:\/\/kakavosromanas.com\/?post_type=product&#038;p=2390"},"modified":"2026-04-16T20:14:54","modified_gmt":"2026-04-16T17:14:54","slug":"vietnamo-kakava","status":"publish","type":"product","link":"https:\/\/kakavosromanas.com\/en\/product\/vietnamo-kakava\/","title":{"rendered":"Kakavos mas\u0117 &#8211; Vietnamo"},"content":{"rendered":"<p><strong>Ingredients:\u00a0<\/strong> kakavos mas\u0117 pagaminta i\u0161 100% Criollo ir Trinitario pupeli\u0173 mi\u0161inio, be pried\u0173.<\/p>\n<p><strong>Country of origin:<\/strong> Vietnamas<\/p>\n<p><strong>Storage conditions:<\/strong>\u00a0store in a cool, dry place, out of direct sunlight.<\/p>\n<p><strong>Poskonis:<\/strong>\u00a0\u0161velnaus \u0161okolado, m\u0117lyni\u0173 avie\u010di\u0173, serbent\u0173, spanguoli\u0173, gervuogi\u0173 natos.<\/p>\n<p><strong>Nutritional value (100 g)<\/strong>:<br \/>\nEnergy value 2759 KJ \/ 666 kcal<br \/>\nFat 56,94 g<br \/>\nOf which total saturated fatty acids 32 g<br \/>\nCarbohydrates 25,1 g<br \/>\nOf which total sugars 0,1 g<br \/>\nSalt 0,1 g<br \/>\nBaltymai 13,22 g<br \/>\nFibre 11 g<\/p>","protected":false},"excerpt":{"rendered":"<p>Vietnamo kakavos mas\u0117 i\u0161siskiria i\u0161 kit\u0173 pasaulio region\u0173 savo subtiliu, bet turtingu skoniu. \u0160i kakava \u2013 tai gurmani\u0161kas atradimas tiems, kurie vertina ne tik \u0161okolado intensyvum\u0105, bet ir jo poskoni\u0173 gilum\u0105. Skonio palet\u0117: Poskonyje atsiskleid\u017eia \u0161velnaus \u0161okolado pagrindas, lydimas ry\u0161ki\u0173 uogini\u0173 nat\u0173. Ragaujant galima pajusti m\u0117lyni\u0173, avie\u010di\u0173, serbent\u0173, spanguoli\u0173 ir gervuogi\u0173 u\u017euominas \u2013 tai nat\u016bralus \u0161ios kakavos charakteris, susiformav\u0119s d\u0117l Vietnamo klimato ir dirvo\u017eemio ypatybi\u0173.<\/p>\n<p>Tinka veganams ir ceremoninei kakavai \u2013 idealiai tinka tiek kasdieniam vartojimui, tiek ritualinei kakavos ceremonijai.<\/p>\n<p>Be glitimo, be prid\u0117tinio cukraus, be joki\u0173 pried\u0173 \u2013 tik gryna kakava.<\/p>\n<p>Puikiai tinka \u0161okolado gamybai, desertams, \u0161iltam kakavos g\u0117rimui ar ritualinei praktikai.<\/p>","protected":false},"featured_media":2539,"comment_status":"open","ping_status":"closed","template":"","meta":{"_acf_changed":false,"_seopress_robots_primary_cat":"none","_seopress_titles_title":"Vietnamo kakava \u2013 subtilus \u0161okoladas su uog\u0173 natomis","_seopress_titles_desc":"Vietnamo kakava \u2013 \u0161velnaus \u0161okolado skonis su m\u0117lyni\u0173, avie\u010di\u0173 ir serbent\u0173 natomis. Gurmani\u0161ka patirtis i\u0161 unikalios Vietnamo terp\u0117s.","_seopress_robots_index":""},"product_brand":[],"product_cat":[17],"product_tag":[],"class_list":{"0":"post-2390","1":"product","2":"type-product","3":"status-publish","4":"has-post-thumbnail","6":"product_cat-kakava","8":"first","9":"instock","10":"sale","11":"shipping-taxable","12":"purchasable","13":"product-type-variable"},"acf":[],"_links":{"self":[{"href":"https:\/\/kakavosromanas.com\/en\/wp-json\/wp\/v2\/product\/2390","targetHints":{"allow":["GET"]}}],"collection":[{"href":"https:\/\/kakavosromanas.com\/en\/wp-json\/wp\/v2\/product"}],"about":[{"href":"https:\/\/kakavosromanas.com\/en\/wp-json\/wp\/v2\/types\/product"}],"replies":[{"embeddable":true,"href":"https:\/\/kakavosromanas.com\/en\/wp-json\/wp\/v2\/comments?post=2390"}],"wp:featuredmedia":[{"embeddable":true,"href":"https:\/\/kakavosromanas.com\/en\/wp-json\/wp\/v2\/media\/2539"}],"wp:attachment":[{"href":"https:\/\/kakavosromanas.com\/en\/wp-json\/wp\/v2\/media?parent=2390"}],"wp:term":[{"taxonomy":"product_brand","embeddable":true,"href":"https:\/\/kakavosromanas.com\/en\/wp-json\/wp\/v2\/product_brand?post=2390"},{"taxonomy":"product_cat","embeddable":true,"href":"https:\/\/kakavosromanas.com\/en\/wp-json\/wp\/v2\/product_cat?post=2390"},{"taxonomy":"product_tag","embeddable":true,"href":"https:\/\/kakavosromanas.com\/en\/wp-json\/wp\/v2\/product_tag?post=2390"}],"curies":[{"name":"wp","href":"https:\/\/api.w.org\/{rel}","templated":true}]}}