{"id":1938,"date":"2025-01-17T13:08:59","date_gmt":"2025-01-17T11:08:59","guid":{"rendered":"https:\/\/kakavosromanas.com\/?post_type=product&#038;p=1938"},"modified":"2025-09-26T12:15:15","modified_gmt":"2025-09-26T09:15:15","slug":"dovana-100g-kakavos","status":"publish","type":"product","link":"https:\/\/kakavosromanas.com\/en\/produktas\/dovana-100g-kakavos\/","title":{"rendered":"Dovana"},"content":{"rendered":"<div id=\"x-accordion_content_uwnkaa_0\" class=\"brxe-block x-accordion_content\" role=\"region\" aria-labelledby=\"brxe-jexlvm\">\n<div class=\"brxe-div x-accordion_content-inner\">\n<div class=\"brxe-product-content\">\n<p>&nbsp;<\/p>\n<p>&nbsp;<\/p>\n<\/div>\n<\/div>\n<\/div>","protected":false},"excerpt":{"rendered":"<p>\u012e dovan\u0173 rinkin\u012f \u012feina:<\/p>\n<div dir=\"auto\">\u00a0Kanapi\u0173 \u017eied\u0173 arbata \u2013 \u0161iltiems, ramiems vakarams.<\/div>\n<div dir=\"auto\">\u00a0Maca milteliai (m\u016bs\u0173 naujiena) \u2013 nat\u016braliai energijai ir imunitetui.<\/div>\n<div dir=\"auto\">\u00a0Prieskoniai \u2013 savo ypatingiems kakavos receptams.<\/div>\n<div dir=\"auto\">\u00a0Intencij\u0173 gidas \u2013 ma\u017eoms kasdien\u0117ms sustojimo akimirkoms.<\/div>","protected":false},"featured_media":928,"comment_status":"open","ping_status":"closed","template":"","meta":{"_acf_changed":false,"_seopress_robots_primary_cat":"30","_seopress_titles_title":"","_seopress_titles_desc":"","_seopress_robots_index":"yes"},"product_brand":[],"product_cat":[30],"product_tag":[],"class_list":{"0":"post-1938","1":"product","2":"type-product","3":"status-publish","4":"has-post-thumbnail","6":"product_cat-kita","8":"first","9":"instock","10":"sale","11":"shipping-taxable","12":"purchasable","13":"product-type-simple"},"acf":[],"_links":{"self":[{"href":"https:\/\/kakavosromanas.com\/en\/wp-json\/wp\/v2\/product\/1938","targetHints":{"allow":["GET"]}}],"collection":[{"href":"https:\/\/kakavosromanas.com\/en\/wp-json\/wp\/v2\/product"}],"about":[{"href":"https:\/\/kakavosromanas.com\/en\/wp-json\/wp\/v2\/types\/product"}],"replies":[{"embeddable":true,"href":"https:\/\/kakavosromanas.com\/en\/wp-json\/wp\/v2\/comments?post=1938"}],"wp:featuredmedia":[{"embeddable":true,"href":"https:\/\/kakavosromanas.com\/en\/wp-json\/wp\/v2\/media\/928"}],"wp:attachment":[{"href":"https:\/\/kakavosromanas.com\/en\/wp-json\/wp\/v2\/media?parent=1938"}],"wp:term":[{"taxonomy":"product_brand","embeddable":true,"href":"https:\/\/kakavosromanas.com\/en\/wp-json\/wp\/v2\/product_brand?post=1938"},{"taxonomy":"product_cat","embeddable":true,"href":"https:\/\/kakavosromanas.com\/en\/wp-json\/wp\/v2\/product_cat?post=1938"},{"taxonomy":"product_tag","embeddable":true,"href":"https:\/\/kakavosromanas.com\/en\/wp-json\/wp\/v2\/product_tag?post=1938"}],"curies":[{"name":"wp","href":"https:\/\/api.w.org\/{rel}","templated":true}]}}