{"id":1764,"date":"2024-12-18T15:41:41","date_gmt":"2024-12-18T15:41:41","guid":{"rendered":"https:\/\/kakavosromanas.com\/?post_type=product&#038;p=1764"},"modified":"2026-04-13T16:12:17","modified_gmt":"2026-04-13T13:12:17","slug":"smulkinta-kakava-nikaragva","status":"publish","type":"product","link":"https:\/\/kakavosromanas.com\/en\/product\/smulkinta-kakava-nikaragva\/","title":{"rendered":"Smulkinta kakava &#8211; Nikaragva"},"content":{"rendered":"<p><strong>Ingredients: <\/strong>\u00a0smulkinta kakavos mas\u0117 pagaminta i\u0161 100% Criollo ir Trinitario pupeli\u0173 mi\u0161inio, be pried\u0173.<\/p>\n<p><strong>Country of origin:<\/strong>\u00a0Nikaragva, Centrin\u0117 Amerika.<\/p>\n<p><strong>Storage conditions:<\/strong>\u00a0store in a cool, dry place, out of direct sunlight.<\/p>\n<p>May have a hint of passion fruit, coffee, pineapple and kiwi.<\/p>\n<p><strong>Nutritional value (100 g)<\/strong>:<br \/>\nEnergy value 2759 KJ \/ 666 kcal<br \/>\nFat 56,94 g<br \/>\nOf which total saturated fatty acids 32 g<br \/>\nCarbohydrates 25,1 g<br \/>\nOf which total sugars 0,1 g<br \/>\nSalt 0,1 g<br \/>\nBaltymai 13,22 g<br \/>\nFibre 11 g<\/p>","protected":false},"excerpt":{"rendered":"<p>Nikaragvos smulkinta kakavos mas\u0117 (100 %) \u2013 Trinitario ir Criollo pupeli\u0173 mi\u0161inio.<\/p>\n<p>Ie\u0161kantiems autenti\u0161kumo ir galimyb\u0117s susikurti savo ritual\u0105. Pagaminta i\u0161 Trinitario ir Criollo pupeli\u0173 mi\u0161inio, \u0161i kakava d\u017eiugina \u0161velniu tropik\u0173 vaisi\u0173 ir banan\u0173 poskoniu. Pasi\u017eymi \u0161velniu ir lengvu skoniu, savyje visi\u0161kai neturi r\u016bg\u0161tumo bei kartumo, tod\u0117l rekomenduojame \u0161i\u0105 kakav\u0105 tiems, kurie nori ypa\u010d lengvo skonio arba tik pradeda savo pa\u017eint\u012f su r\u016b\u0161ine kakava.<\/p>\n<p>Kod\u0117l verta rinktis?<\/p>\n<p>I\u0161 ma\u017e\u0173 \u016bki\u0173 Nikaragvoje \u2013 eti\u0161kas auginimas.<\/p>\n<p>Tropinis, \u0161velnus skonis \u2013 nat\u016bralus banan\u0173, vaisi\u0173 bei kakavos \u0161velnumas.<\/p>\n<p>Tinka veganams, ceremoninei kakavai \u2013 idealiai tinka tiek kasdieniam vartojimui, tiek ritualinei kakavos ceremonijai.<\/p>\n<p>Be glitimo, be prid\u0117tinio cukraus, be joki\u0173 pried\u0173 \u2013 tik gryna kakava.<\/p>\n<p>Puikiai tinka \u0161okolado gamybai, desertams, \u0161iltam kakavos g\u0117rimui ar ritualinei praktikai.<\/p>\n<p>M\u016bs\u0173 smulkinta kakava \u2013 tam, kad jos ruo\u0161imas b\u016bt\u0173 lengvesnis. Jeigu skubate, keliaujate ar tiesiog nesinori patiems smulkinti kakavos mas\u0117s \u2013 tai puikus ir patogus sprendimas. Tas pats kakavos gylis, tik su daugiau paprastumo. <span class=\"html-span xexx8yu xyri2b x18d9i69 x1c1uobl x1hl2dhg x16tdsg8 x1vvkbs x3nfvp2 x1j61x8r x1fcty0u xdj266r xat24cr xm2jcoa x1mpyi22 xxymvpz xlup9mm x1kky2od\"><img loading=\"lazy\" decoding=\"async\" class=\"xz74otr x15mokao x1ga7v0g x16uus16 xbiv7yw\" src=\"https:\/\/z-p3-static.xx.fbcdn.net\/images\/emoji.php\/v9\/t46\/1\/16\/1f90e.png\" alt=\"\ud83e\udd0e\" width=\"16\" height=\"16\" \/><\/span><\/p>","protected":false},"featured_media":2533,"comment_status":"open","ping_status":"closed","template":"","meta":{"_acf_changed":false,"_seopress_robots_primary_cat":"none","_seopress_titles_title":"Smulkinta kakava i\u0161 Nikaragvos \u2013 \u0161velni, tropin\u0117 100\u202f% mas\u0117","_seopress_titles_desc":"Smulkinta kakava i\u0161 Nikaragvos \u2013 100\u202f% kakavos mas\u0117 be pried\u0173, su \u0161velniu banan\u0173 ir vaisi\u0173 skoniu. Tinka g\u0117rimui, desertams ir kakavos ceremonijoms.","_seopress_robots_index":""},"product_brand":[],"product_cat":[17],"product_tag":[],"class_list":{"0":"post-1764","1":"product","2":"type-product","3":"status-publish","4":"has-post-thumbnail","6":"product_cat-kakava","8":"first","9":"instock","10":"shipping-taxable","11":"purchasable","12":"product-type-variable"},"acf":[],"_links":{"self":[{"href":"https:\/\/kakavosromanas.com\/en\/wp-json\/wp\/v2\/product\/1764","targetHints":{"allow":["GET"]}}],"collection":[{"href":"https:\/\/kakavosromanas.com\/en\/wp-json\/wp\/v2\/product"}],"about":[{"href":"https:\/\/kakavosromanas.com\/en\/wp-json\/wp\/v2\/types\/product"}],"replies":[{"embeddable":true,"href":"https:\/\/kakavosromanas.com\/en\/wp-json\/wp\/v2\/comments?post=1764"}],"wp:featuredmedia":[{"embeddable":true,"href":"https:\/\/kakavosromanas.com\/en\/wp-json\/wp\/v2\/media\/2533"}],"wp:attachment":[{"href":"https:\/\/kakavosromanas.com\/en\/wp-json\/wp\/v2\/media?parent=1764"}],"wp:term":[{"taxonomy":"product_brand","embeddable":true,"href":"https:\/\/kakavosromanas.com\/en\/wp-json\/wp\/v2\/product_brand?post=1764"},{"taxonomy":"product_cat","embeddable":true,"href":"https:\/\/kakavosromanas.com\/en\/wp-json\/wp\/v2\/product_cat?post=1764"},{"taxonomy":"product_tag","embeddable":true,"href":"https:\/\/kakavosromanas.com\/en\/wp-json\/wp\/v2\/product_tag?post=1764"}],"curies":[{"name":"wp","href":"https:\/\/api.w.org\/{rel}","templated":true}]}}