{"id":1657,"date":"2024-12-08T10:51:12","date_gmt":"2024-12-08T10:51:12","guid":{"rendered":"https:\/\/kakavosromanas.com\/?post_type=product&#038;p=1657"},"modified":"2025-08-18T17:04:58","modified_gmt":"2025-08-18T14:04:58","slug":"kakavos-mase-kieta-nikaragva-chuno","status":"publish","type":"product","link":"https:\/\/kakavosromanas.com\/en\/product\/kakavos-mase-kieta-nikaragva-chuno\/","title":{"rendered":"Kakavos mas\u0117 (kieta) &#8211; Nikaragva Chuno"},"content":{"rendered":"<p><strong>Ingredients:<\/strong> cacao mass made from 100% Criollo beans, no additives.<\/p>\n<p><strong>Country of origin:<\/strong> Nikaragva, Centrin\u0117 Amerika.<\/p>\n<p><strong>Storage conditions:<\/strong> store in a cool, dry place, out of direct sunlight.<\/p>\n<p>Gali b\u016bti jau\u010diamas citruso, sodrus rie\u0161ut\u0173 poskonis.<\/p>\n<p><strong>Nutritional value (100 g)<\/strong>:<br \/>\nEnergy value 2759 KJ \/ 666 kcal<br \/>\nFat 56,94 g<br \/>\nOf which total saturated fatty acids 32 g<br \/>\nCarbohydrates 25,1 g<br \/>\nOf which total sugars 0,1 g<br \/>\nSalt 0,1 g<br \/>\nProtein 12 g<br \/>\nFibre 11 g<\/p>","protected":false},"excerpt":{"rendered":"<p>Nikaraga Chuna kakava pasi\u017eymi lengvu, subtiliu skoniu, turi lengvo r\u016bg\u0161tumo. \u0160i kakava yra universalaus skonio bei tinkama kasdieniam vartojimui, ji yra puikus pasirinkimas u\u017ekiet\u0117jusiems kakavos m\u0117g\u0117jams.<\/p>\n<p>\u0160ios kakavos turime tik limituota kiek\u012f.<\/p>\n<p>Parduodama tik po 1 kg.<\/p>\n<p>&nbsp;<\/p>","protected":false},"featured_media":1662,"comment_status":"open","ping_status":"closed","template":"","meta":{"_acf_changed":false,"_seopress_robots_primary_cat":"none","_seopress_titles_title":"Kakavos mas\u0117 \u2013 Nikaragva Chuno, \u0161velnaus ir subtilaus skonio","_seopress_titles_desc":"Kakavos mas\u0117 i\u0161 Nikaragvos \u2013 Chuno veisl\u0117s kakava su \u0161velniu r\u016bg\u0161tumu. Universalaus skonio, parduodama tik 1\u202fkg kiekiais, limituotas kiekis.","_seopress_robots_index":""},"product_brand":[],"product_cat":[17],"product_tag":[],"class_list":{"0":"post-1657","1":"product","2":"type-product","3":"status-publish","4":"has-post-thumbnail","6":"product_cat-kakava","8":"first","9":"outofstock","10":"sale","11":"shipping-taxable","12":"purchasable","13":"product-type-simple"},"acf":[],"_links":{"self":[{"href":"https:\/\/kakavosromanas.com\/en\/wp-json\/wp\/v2\/product\/1657","targetHints":{"allow":["GET"]}}],"collection":[{"href":"https:\/\/kakavosromanas.com\/en\/wp-json\/wp\/v2\/product"}],"about":[{"href":"https:\/\/kakavosromanas.com\/en\/wp-json\/wp\/v2\/types\/product"}],"replies":[{"embeddable":true,"href":"https:\/\/kakavosromanas.com\/en\/wp-json\/wp\/v2\/comments?post=1657"}],"wp:featuredmedia":[{"embeddable":true,"href":"https:\/\/kakavosromanas.com\/en\/wp-json\/wp\/v2\/media\/1662"}],"wp:attachment":[{"href":"https:\/\/kakavosromanas.com\/en\/wp-json\/wp\/v2\/media?parent=1657"}],"wp:term":[{"taxonomy":"product_brand","embeddable":true,"href":"https:\/\/kakavosromanas.com\/en\/wp-json\/wp\/v2\/product_brand?post=1657"},{"taxonomy":"product_cat","embeddable":true,"href":"https:\/\/kakavosromanas.com\/en\/wp-json\/wp\/v2\/product_cat?post=1657"},{"taxonomy":"product_tag","embeddable":true,"href":"https:\/\/kakavosromanas.com\/en\/wp-json\/wp\/v2\/product_tag?post=1657"}],"curies":[{"name":"wp","href":"https:\/\/api.w.org\/{rel}","templated":true}]}}