{"id":1535,"date":"2024-11-22T05:30:32","date_gmt":"2024-11-22T05:30:32","guid":{"rendered":"https:\/\/kakavosromanas.com\/?post_type=product&#038;p=1535"},"modified":"2026-04-17T14:35:35","modified_gmt":"2026-04-17T11:35:35","slug":"kolumbijos-kakava","status":"publish","type":"product","link":"https:\/\/kakavosromanas.com\/en\/product\/kolumbijos-kakava\/","title":{"rendered":"Kakavos mas\u0117 &#8211; Kolumbija"},"content":{"rendered":"<div><strong>Ingredients:<\/strong> kakavos mas\u0117 pagaminta i\u0161 100% Criollo ir Trinitario pupeli\u0173 mi\u0161inio.<\/div>\n<div>\n<p><strong>Country of origin:<\/strong>\u00a0Kolumbija.<\/p>\n<p><strong>Storage conditions:<\/strong>\u00a0store in a cool, dry place, out of direct sunlight.<\/p>\n<p>Gali b\u016bti jau\u010diamas rie\u0161ut\u0173, kavos ir citrusini\u0173 vaisi\u0173 natos.<\/p>\n<p><strong>Nutritional value (100 g)<\/strong>:<br \/>\nEnergetin\u0117 vert\u0117 2694 KJ \/ 650 kcal<br \/>\nRiebalai 53,66 g<br \/>\nOf which total saturated fatty acids 32 g<br \/>\nAngliavandeniai 29,4 g<br \/>\nOf which total sugars 0,1 g<br \/>\nSalt 0,1 g<br \/>\nProtein 12 g<br \/>\nFibre 11 g<\/p>\n<\/div>","protected":false},"excerpt":{"rendered":"<p>Kolumbijos kakava pasi\u017eymi ry\u0161kiu skoniu, savyje visi\u0161kai neturi r\u016bg\u0161tumo bei kartumo, ypa\u010d kremi\u0161ka. \u0160i kakava yra itin universalaus skonio bei tinkama kasdieniam vartojimui, tad ji yra puikus pasirinkimas tiek pradedantiems pa\u017eint\u012f su r\u016b\u0161ine kakava, tiek u\u017ekiet\u0117jusiems jos m\u0117g\u0117jams.<\/p>\n<p>Tinka veganams ir ceremoninei kakavai \u2013 idealiai tinka tiek kasdieniam vartojimui, tiek ritualinei kakavos ceremonijai.<\/p>\n<p>Be glitimo, be prid\u0117tinio cukraus, be joki\u0173 pried\u0173 \u2013 tik gryna kakava.<\/p>\n<p>Puikiai tinka \u0161okolado gamybai, desertams, \u0161iltam kakavos g\u0117rimui ar ritualinei praktikai.<\/p>\n<p>&nbsp;<\/p>","protected":false},"featured_media":2850,"comment_status":"open","ping_status":"closed","template":"","meta":{"_acf_changed":false,"_seopress_robots_primary_cat":"none","_seopress_titles_title":"Kolumbijos kakava \u2013 kremi\u0161ka, be kartumo","_seopress_titles_desc":"Kolumbijos kakava \u2013 \u0161velni, kremi\u0161ka ir visi\u0161kai be kartumo ar r\u016bg\u0161tumo. Puikiai tinka tiek pradedantiesiems, tiek r\u016b\u0161in\u0117s kakavos m\u0117g\u0117jams.","_seopress_robots_index":""},"product_brand":[],"product_cat":[17],"product_tag":[],"class_list":{"0":"post-1535","1":"product","2":"type-product","3":"status-publish","4":"has-post-thumbnail","6":"product_cat-kakava","8":"first","9":"instock","10":"sale","11":"shipping-taxable","12":"purchasable","13":"product-type-variable"},"acf":[],"_links":{"self":[{"href":"https:\/\/kakavosromanas.com\/en\/wp-json\/wp\/v2\/product\/1535","targetHints":{"allow":["GET"]}}],"collection":[{"href":"https:\/\/kakavosromanas.com\/en\/wp-json\/wp\/v2\/product"}],"about":[{"href":"https:\/\/kakavosromanas.com\/en\/wp-json\/wp\/v2\/types\/product"}],"replies":[{"embeddable":true,"href":"https:\/\/kakavosromanas.com\/en\/wp-json\/wp\/v2\/comments?post=1535"}],"wp:featuredmedia":[{"embeddable":true,"href":"https:\/\/kakavosromanas.com\/en\/wp-json\/wp\/v2\/media\/2850"}],"wp:attachment":[{"href":"https:\/\/kakavosromanas.com\/en\/wp-json\/wp\/v2\/media?parent=1535"}],"wp:term":[{"taxonomy":"product_brand","embeddable":true,"href":"https:\/\/kakavosromanas.com\/en\/wp-json\/wp\/v2\/product_brand?post=1535"},{"taxonomy":"product_cat","embeddable":true,"href":"https:\/\/kakavosromanas.com\/en\/wp-json\/wp\/v2\/product_cat?post=1535"},{"taxonomy":"product_tag","embeddable":true,"href":"https:\/\/kakavosromanas.com\/en\/wp-json\/wp\/v2\/product_tag?post=1535"}],"curies":[{"name":"wp","href":"https:\/\/api.w.org\/{rel}","templated":true}]}}