{"id":1235,"date":"2024-09-23T17:11:50","date_gmt":"2024-09-23T17:11:50","guid":{"rendered":"https:\/\/kakavosromanas.com\/?post_type=product&#038;p=1235"},"modified":"2026-04-09T23:09:48","modified_gmt":"2026-04-09T20:09:48","slug":"cantika-smilkalai-siurprizas","status":"publish","type":"product","link":"https:\/\/kakavosromanas.com\/en\/product\/cantika-smilkalai-siurprizas\/","title":{"rendered":"Cantika smilkalai SIURPRIZAS"},"content":{"rendered":"<p>Nustebinkite save ar savo artim\u0105 u\u017esisakydami smilkalus &#8211; siurpriz\u0105. Esu atrinkusi pa\u010dius mylimiausius kvapus, kurie tikiuosi labai patiks ir jums.<\/p>","protected":false},"excerpt":{"rendered":"<p>\u0160ie smilkalai neturi \u201cd\u016bmo\u201d kvapo smilkstant, erdv\u0117 pakvimpa taip, kaip jau\u010diamas kvapas priglaudus nos\u012f prie smilkalo lazdel\u0117s.<\/p>\n<p>\u012esivaizduok save apsupt\u0105 nuolatinio chaoso, o k\u0105 jau kalb\u0117ti apie<br \/>\nmintis, pasiklydusias tarp darb\u0173, \u017emoni\u0173 ir vis\u0173 gyvenimi\u0161k\u0173<br \/>\npareig\u0173.. Tad kada gi sustoti? Jei kyla pana\u0161ios kasdienyb\u0117s<br \/>\nasociacijos, tuomet smilkalai \u2013 tikras i\u0161sigelb\u0117jimas. Susik\u016br\u0119s<br \/>\nsavo paties ritualus rytais, prie\u0161 prasidedant dienai ar vakarais,<br \/>\nkuomet norisi palikti mintis u\u017e dur\u0173, smilkydamas pama\u017eu pajausi<br \/>\npalengv\u0117jim\u0105. Nuraminsi prot\u0105, emocijas, susikoncentruosi ir jau<br \/>\nvisai kitomis akimis pa\u017evelgsi \u012f save, sugr\u012f\u0161i namo\u2026<\/p>\n<p>Viename pakelyje 12-15 smilkal\u0173 lazdeli\u0173, viena lazdel\u0117 smilksta apie 40 min.<\/p>\n<p>Visi CANTIKA smilkalai atrinkti per ilg\u0105 laik\u0105 keliaujant Balio saloje. Tai kvapai, kurie atvyko \u012f Cantik\u0105 ir niekada jos nepaliko.<\/p>","protected":false},"featured_media":3644,"comment_status":"open","ping_status":"closed","template":"","meta":{"_acf_changed":false,"_seopress_robots_primary_cat":"none","_seopress_titles_title":"","_seopress_titles_desc":"","_seopress_robots_index":""},"product_brand":[],"product_cat":[51,30],"product_tag":[],"class_list":{"0":"post-1235","1":"product","2":"type-product","3":"status-publish","4":"has-post-thumbnail","6":"product_cat-smilkalai","7":"product_cat-kita","9":"first","10":"instock","11":"shipping-taxable","12":"purchasable","13":"product-type-simple"},"acf":[],"_links":{"self":[{"href":"https:\/\/kakavosromanas.com\/en\/wp-json\/wp\/v2\/product\/1235","targetHints":{"allow":["GET"]}}],"collection":[{"href":"https:\/\/kakavosromanas.com\/en\/wp-json\/wp\/v2\/product"}],"about":[{"href":"https:\/\/kakavosromanas.com\/en\/wp-json\/wp\/v2\/types\/product"}],"replies":[{"embeddable":true,"href":"https:\/\/kakavosromanas.com\/en\/wp-json\/wp\/v2\/comments?post=1235"}],"wp:featuredmedia":[{"embeddable":true,"href":"https:\/\/kakavosromanas.com\/en\/wp-json\/wp\/v2\/media\/3644"}],"wp:attachment":[{"href":"https:\/\/kakavosromanas.com\/en\/wp-json\/wp\/v2\/media?parent=1235"}],"wp:term":[{"taxonomy":"product_brand","embeddable":true,"href":"https:\/\/kakavosromanas.com\/en\/wp-json\/wp\/v2\/product_brand?post=1235"},{"taxonomy":"product_cat","embeddable":true,"href":"https:\/\/kakavosromanas.com\/en\/wp-json\/wp\/v2\/product_cat?post=1235"},{"taxonomy":"product_tag","embeddable":true,"href":"https:\/\/kakavosromanas.com\/en\/wp-json\/wp\/v2\/product_tag?post=1235"}],"curies":[{"name":"wp","href":"https:\/\/api.w.org\/{rel}","templated":true}]}}