{"id":20,"date":"2024-01-31T18:44:50","date_gmt":"2024-01-31T18:44:50","guid":{"rendered":"https:\/\/kakavos.ikdev.lt\/?page_id=20"},"modified":"2024-04-19T12:15:30","modified_gmt":"2024-04-19T12:15:30","slug":"terms-and-rules","status":"publish","type":"page","link":"https:\/\/kakavosromanas.com\/en\/terms-and-rules\/","title":{"rendered":"Terms of delivery of goods"},"content":{"rendered":"<p>Kakavos produkcijos pristatymo kaina priklauso nuo keli\u0173 esmini\u0173 dali\u0173 \u2013 siuntos dyd\u017eio, pristatymo<br>b\u016bdo, papildom\u0173 paslaug\u0173. \u0160iose preki\u0173 pristatymo s\u0105lygose nurodomos pristatym\u0173 kainos ir<br>s\u0105lygos, kurios galioja ne tik siuntoms Lietuvoje, bet ir siuntoms \u012f Baltijos \u0161alis.<br>Pagrindiniai pristatymo b\u016bdai ir j\u0173 paai\u0161kinimai:<\/p>\n\n\n\n<ul class=\"wp-block-list\">\n<li>Pa\u0161tomato paslauga, kai Kakavos Romano atstovai siunt\u0105 \u012fdeda \u012f pa\u0161tomat\u0105, o gav\u0117jas<br>siunt\u0105 atsiima i\u0161 jam patogaus pa\u0161tomato;<\/li>\n\n\n\n<li>Kurjerio paslauga, kai kurjeris siunt\u0105 pristato gav\u0117jui \u012f nurodyt\u0105 adres\u0105.<\/li>\n<\/ul>\n\n\n\n<figure class=\"wp-block-table\"><table><tbody><tr><td><strong>Paslauga<\/strong><\/td><td><strong>Siuntos<br>dydis<\/strong><\/td><td><strong>LT-LT<\/strong><\/td><td><strong>LT-LV<\/strong><\/td><td><strong>LT-EE<\/strong><\/td><\/tr><tr><td>Pa\u0161tomatas<\/td><td>S<\/td><td>3<\/td><td>5<\/td><td>10<\/td><\/tr><tr><td><\/td><td>M<\/td><td>3,50<\/td><td>6<\/td><td>15<\/td><\/tr><tr><td><\/td><td>L<\/td><td>4<\/td><td>7<\/td><td>15<\/td><\/tr><tr><td>Siuntos pa\u0117mimas ir pristatymas<br>kurjeriu<\/td><td>S<\/td><td>12<\/td><td>12<\/td><td>20<\/td><\/tr><tr><td><\/td><td>M<\/td><td>13<\/td><td>13<\/td><td>20<\/td><\/tr><tr><td><\/td><td>L<\/td><td>15<\/td><td>15<\/td><td>20<\/td><\/tr><tr><td><\/td><td>XL<\/td><td>15<\/td><td>&#8211;<\/td><td>&#8211;<\/td><\/tr><\/tbody><\/table><\/figure>\n\n\n\n<p>Apie numatom\u0105 siuntos pristatymo laik\u0105 bei siuntos numer\u012f b\u016bsite informuoti SMS \u017einute arba el.<br>pa\u0161tu. Jei priimdami siunt\u0105 pastebite pakuot\u0117s pa\u017eeidim\u0105, nedelsiant prane\u0161kite apie tai siunt\u0105<br>prista\u010diusiam kurjeriui ir supildykite pakuot\u0117s pa\u017eeidim\u0173 akt\u0105, prie\u0161ingu atveju bus laikoma, jog<br>siunta pristatyta be tr\u016bkum\u0173.<br><br>Kakava Lietuvos teritorijoje tur\u0117t\u0173 b\u016bti pristatyta per 1 (vien\u0105) arba 2 (dvi) darbo dienas.<br><br>Kilus papildomiems klausimams d\u0117l siuntos pristatytmo visada kvie\u010diame susisiekti su Omniva<br>klient\u0173 aptarnavimo specialistais, numeriu +37070055077 arba Kakavos Romano el. p \u2013<br>info@kakavosromanas.com<\/p>\n\n\n\n<p><br><\/p>","protected":false},"excerpt":{"rendered":"<p>Kakavos produkcijos pristatymo kaina priklauso nuo keli\u0173 esmini\u0173 dali\u0173 \u2013 siuntos dyd\u017eio, pristatymob\u016bdo, papildom\u0173 paslaug\u0173. \u0160iose preki\u0173 pristatymo s\u0105lygose nurodomos pristatym\u0173 kainos irs\u0105lygos, kurios galioja ne tik siuntoms Lietuvoje, bet ir siuntoms \u012f Baltijos \u0161alis.Pagrindiniai pristatymo b\u016bdai ir j\u0173 paai\u0161kinimai: Paslauga Siuntosdydis LT-LT LT-LV LT-EE Pa\u0161tomatas S 3 5 10 M 3,50 6 15 L [&hellip;]<\/p>\n","protected":false},"author":1,"featured_media":0,"parent":0,"menu_order":0,"comment_status":"closed","ping_status":"closed","template":"","meta":{"_acf_changed":false,"_seopress_robots_primary_cat":"","_seopress_titles_title":"","_seopress_titles_desc":"","_seopress_robots_index":"","footnotes":""},"class_list":["post-20","page","type-page","status-publish","hentry"],"acf":[],"_links":{"self":[{"href":"https:\/\/kakavosromanas.com\/en\/wp-json\/wp\/v2\/pages\/20","targetHints":{"allow":["GET"]}}],"collection":[{"href":"https:\/\/kakavosromanas.com\/en\/wp-json\/wp\/v2\/pages"}],"about":[{"href":"https:\/\/kakavosromanas.com\/en\/wp-json\/wp\/v2\/types\/page"}],"author":[{"embeddable":true,"href":"https:\/\/kakavosromanas.com\/en\/wp-json\/wp\/v2\/users\/1"}],"replies":[{"embeddable":true,"href":"https:\/\/kakavosromanas.com\/en\/wp-json\/wp\/v2\/comments?post=20"}],"version-history":[{"count":3,"href":"https:\/\/kakavosromanas.com\/en\/wp-json\/wp\/v2\/pages\/20\/revisions"}],"predecessor-version":[{"id":690,"href":"https:\/\/kakavosromanas.com\/en\/wp-json\/wp\/v2\/pages\/20\/revisions\/690"}],"wp:attachment":[{"href":"https:\/\/kakavosromanas.com\/en\/wp-json\/wp\/v2\/media?parent=20"}],"curies":[{"name":"wp","href":"https:\/\/api.w.org\/{rel}","templated":true}]}}